{"id":1793,"date":"2017-09-22T09:40:11","date_gmt":"2017-09-22T07:40:11","guid":{"rendered":"https:\/\/cultureacademy.se\/?page_id=1793"},"modified":"2023-10-16T12:05:44","modified_gmt":"2023-10-16T10:05:44","slug":"start","status":"publish","type":"page","link":"https:\/\/cultureacademy.se\/es\/","title":{"rendered":"P\u00e1gina de inicio"},"content":{"rendered":"<div class=\"wpb-content-wrapper\"><p>[vc_row unlock_row_content=\u00bbyes\u00bb row_height_percent=\u00bb0&#8243; override_padding=\u00bbyes\u00bb h_padding=\u00bb0&#8243; top_padding=\u00bb0&#8243; bottom_padding=\u00bb0&#8243; overlay_alpha=\u00bb50&#8243; gutter_size=\u00bb3&#8243; column_width_percent=\u00bb100&#8243; shift_y=\u00bb0&#8243; z_index=\u00bb0&#8243;][vc_column width=\u00bb1\/1&#8243;][rev_slider_vc alias=\u00bbst1&#8243;][\/vc_column][\/vc_row][vc_row][vc_column column_width_percent=\u00bb100&#8243; gutter_size=\u00bb3&#8243; style=\u00bbdark\u00bb overlay_alpha=\u00bb50&#8243; shift_x=\u00bb0&#8243; shift_y=\u00bb0&#8243; shift_y_down=\u00bb0&#8243; z_index=\u00bb0&#8243; medium_width=\u00bb0&#8243; mobile_width=\u00bb0&#8243; width=\u00bb1\/1&#8243;][vc_column_text text_color=\u00bbcolor-xsdn\u00bb uncode_shortcode_id=\u00bb169456&#8243; text_color_type=\u00bbuncode-palette\u00bb]<\/p>\n<h4 style=\"text-align: center;\">No hay atajos. La cultura la creas t\u00fa que trabajas en la empresa. Una cultura deseada debe estar anclada para que todos la entiendan, se activen y no menos importante, \u00a1les guste! Una cultura empresarial fuerte y vibrante lo hace \u00fanico, atractivo y exitoso.<\/h4>\n<p>[\/vc_column_text][\/vc_column][\/vc_row][vc_row row_height_percent=\u00bb0&#8243; override_padding=\u00bbyes\u00bb h_padding=\u00bb0&#8243; top_padding=\u00bb3&#8243; bottom_padding=\u00bb0&#8243; back_color=\u00bbcolor-xsdn\u00bb overlay_color=\u00bbcolor-xsdn\u00bb overlay_alpha=\u00bb100&#8243; equal_height=\u00bbyes\u00bb gutter_size=\u00bb3&#8243; column_width_percent=\u00bb100&#8243; shift_y=\u00bb0&#8243; z_index=\u00bb0&#8243; uncode_shortcode_id=\u00bb608863&#8243; back_color_type=\u00bbuncode-palette\u00bb overlay_color_type=\u00bbuncode-palette\u00bb][vc_column column_width_percent=\u00bb100&#8243; align_horizontal=\u00bbalign_center\u00bb gutter_size=\u00bb3&#8243; back_image=\u00bb72&#8243; overlay_color=\u00bbcolor-xsdn\u00bb overlay_alpha=\u00bb70&#8243; shift_x=\u00bb0&#8243; shift_y=\u00bb0&#8243; shift_y_down=\u00bb0&#8243; z_index=\u00bb0&#8243; medium_width=\u00bb0&#8243; mobile_width=\u00bb0&#8243; width=\u00bb1\/3&#8243; back_size=\u00bblenght\u00bb][vc_column_text uncode_shortcode_id=\u00bb150279&#8243;]<\/p>\n<h2><\/h2>\n<h2><\/h2>\n<h2 style=\"text-align: left;\"><span style=\"color: #000000;\">MISI\u00d3N<\/span><\/h2>\n<p style=\"text-align: left;\"><span style=\"color: #000000;\">Ayudamos a las empresas a crear y ejecutar una cultura corporativa apasionada y de alto rendimiento en la que a la gente le encanta estar.<\/span><\/p>\n<p>[\/vc_column_text][\/vc_column][vc_column column_width_percent=\u00bb100&#8243; align_horizontal=\u00bbalign_center\u00bb gutter_size=\u00bb3&#8243; back_image=\u00bb72&#8243; overlay_color=\u00bbcolor-xsdn\u00bb overlay_alpha=\u00bb70&#8243; shift_x=\u00bb0&#8243; shift_y=\u00bb0&#8243; shift_y_down=\u00bb0&#8243; z_index=\u00bb0&#8243; medium_width=\u00bb0&#8243; mobile_width=\u00bb0&#8243; width=\u00bb1\/3&#8243;][vc_column_text uncode_shortcode_id=\u00bb119544&#8243;]<\/p>\n<h2><\/h2>\n<h2><\/h2>\n<h2><\/h2>\n<h2 style=\"text-align: left;\"><span style=\"color: #000000;\">OBJECTIVO<\/span><\/h2>\n<p><span style=\"color: #000000;\">\u00a1Nuestro objetivo es darle vida a su estrategia y obtener la base de valor para mudarse!<\/span>[\/vc_column_text][\/vc_column][vc_column column_width_percent=\u00bb100&#8243; align_horizontal=\u00bbalign_center\u00bb gutter_size=\u00bb3&#8243; back_image=\u00bb72&#8243; overlay_color=\u00bbcolor-xsdn\u00bb overlay_alpha=\u00bb70&#8243; shift_x=\u00bb0&#8243; shift_y=\u00bb0&#8243; shift_y_down=\u00bb0&#8243; z_index=\u00bb0&#8243; medium_width=\u00bb0&#8243; mobile_width=\u00bb0&#8243; width=\u00bb1\/3&#8243;][vc_column_text uncode_shortcode_id=\u00bb132969&#8243;]<\/p>\n<h2><\/h2>\n<h2><\/h2>\n<h2><\/h2>\n<h2 style=\"text-align: left;\"><span style=\"color: #000000;\">CUT THE CRAP<\/span><\/h2>\n<p style=\"text-align: left;\"><span style=\"color: #000000;\">No hay curita para el mal liderazgo, pero hay capacitaci\u00f3n.<\/span><\/p>\n<p>[\/vc_column_text][\/vc_column][\/vc_row][vc_row unlock_row_content=\u00bbyes\u00bb row_height_percent=\u00bb0&#8243; override_padding=\u00bbyes\u00bb h_padding=\u00bb0&#8243; top_padding=\u00bb0&#8243; bottom_padding=\u00bb0&#8243; overlay_alpha=\u00bb50&#8243; gutter_size=\u00bb3&#8243; column_width_percent=\u00bb100&#8243; shift_y=\u00bb0&#8243; z_index=\u00bb0&#8243;][vc_column width=\u00bb1\/1&#8243;][rev_slider_vc alias=\u00bbculturejourney\u00bb][\/vc_column][\/vc_row][vc_row row_height_percent=\u00bb0&#8243; override_padding=\u00bbyes\u00bb h_padding=\u00bb2&#8243; top_padding=\u00bb3&#8243; bottom_padding=\u00bb2&#8243; overlay_alpha=\u00bb50&#8243; gutter_size=\u00bb3&#8243; column_width_percent=\u00bb100&#8243; shift_y=\u00bb0&#8243; z_index=\u00bb0&#8243; desktop_visibility=\u00bbyes\u00bb medium_visibility=\u00bbyes\u00bb][vc_column width=\u00bb1\/1&#8243;][vc_column_text uncode_shortcode_id=\u00bb662848&#8243;]<\/p>\n<h3 style=\"text-align: center;\">Creamos un efecto a largo plazo que fortalece tu competitividad y mejora tus resultados. Lo hacemos a trav\u00e9s de un modelo que aumenta el conocimiento y el valor de lo que haces.<\/h3>\n<p>[\/vc_column_text][vc_column_text uncode_shortcode_id=\u00bb184981&#8243;]<\/p>\n<p style=\"text-align: center;\"><a href=\"https:\/\/cultureacademy.se\/vad-vi-gor\/\"><img decoding=\"async\" class=\"alignnone wp-image-82\" src=\"https:\/\/cultureacademy.se\/wp-content\/uploads\/2017\/09\/kontakt-pil.png\" alt=\"\" width=\"99\" height=\"99\" srcset=\"https:\/\/cultureacademy.se\/wp-content\/uploads\/2017\/09\/kontakt-pil.png 736w, https:\/\/cultureacademy.se\/wp-content\/uploads\/2017\/09\/kontakt-pil-150x150.png 150w, https:\/\/cultureacademy.se\/wp-content\/uploads\/2017\/09\/kontakt-pil-300x300.png 300w\" sizes=\"(max-width: 99px) 100vw, 99px\" \/><\/a><\/p>\n<p>[\/vc_column_text][\/vc_column][\/vc_row][vc_row row_height_percent=\u00bb0&#8243; override_padding=\u00bbyes\u00bb h_padding=\u00bb2&#8243; top_padding=\u00bb3&#8243; bottom_padding=\u00bb3&#8243; back_color=\u00bbcolor-jevc\u00bb overlay_alpha=\u00bb50&#8243; gutter_size=\u00bb3&#8243; column_width_percent=\u00bb100&#8243; shift_y=\u00bb0&#8243; z_index=\u00bb0&#8243;][vc_column width=\u00bb1\/1&#8243;][vc_column_text uncode_shortcode_id=\u00bb173360&#8243;]<\/p>\n<h3 style=\"text-align: center;\">\u00bfDe qu\u00e9 manera se pueden conectar los valores a la rentabilidad?<br \/>\n<span style=\"color: #00ccff;\">Contacta con nosotros<\/span> y te contamos m\u00e1s.<\/h3>\n<p>[\/vc_column_text][vc_column_text uncode_shortcode_id=\u00bb687935&#8243;]<\/p>\n<p style=\"text-align: center;\"><a href=\"https:\/\/cultureacademy.se\/kontakt\/\"><img decoding=\"async\" class=\"alignnone wp-image-82\" src=\"https:\/\/cultureacademy.se\/wp-content\/uploads\/2017\/09\/kontakt-pil.png\" alt=\"\" width=\"99\" height=\"99\" srcset=\"https:\/\/cultureacademy.se\/wp-content\/uploads\/2017\/09\/kontakt-pil.png 736w, https:\/\/cultureacademy.se\/wp-content\/uploads\/2017\/09\/kontakt-pil-150x150.png 150w, https:\/\/cultureacademy.se\/wp-content\/uploads\/2017\/09\/kontakt-pil-300x300.png 300w\" sizes=\"(max-width: 99px) 100vw, 99px\" \/><\/a><\/p>\n<p>[\/vc_column_text][\/vc_column][\/vc_row][vc_row row_height_percent=\u00bb0&#8243; override_padding=\u00bbyes\u00bb h_padding=\u00bb0&#8243; top_padding=\u00bb0&#8243; bottom_padding=\u00bb0&#8243; overlay_alpha=\u00bb50&#8243; equal_height=\u00bbyes\u00bb gutter_size=\u00bb0&#8243; column_width_percent=\u00bb100&#8243; shift_y=\u00bb0&#8243; z_index=\u00bb0&#8243; desktop_visibility=\u00bbyes\u00bb medium_visibility=\u00bbyes\u00bb][vc_column column_width_percent=\u00bb100&#8243; position_vertical=\u00bbbottom\u00bb align_horizontal=\u00bbalign_center\u00bb gutter_size=\u00bb3&#8243; overlay_alpha=\u00bb50&#8243; shift_x=\u00bb0&#8243; shift_y=\u00bb0&#8243; shift_y_down=\u00bb0&#8243; z_index=\u00bb0&#8243; medium_width=\u00bb0&#8243; mobile_width=\u00bb0&#8243; width=\u00bb1\/2&#8243;][vc_single_image media=\u00bb83&#8243; media_width_percent=\u00bb100&#8243; uncode_shortcode_id=\u00bb389435&#8243;][vc_column_text css=\u00bb.vc_custom_1669908011924{padding-right: 25px !important;padding-left: 25px !important;}\u00bb uncode_shortcode_id=\u00bb172323&#8243;]<\/p>\n<h1 style=\"text-align: center;\"><span style=\"color: #ffffff;\">Linda Hammarstrand<\/span><\/h1>\n<p style=\"text-align: center;\">Linda Hammarstrand es una de las disertantes m\u00e1s utilizadas de Suecia. Habla apasionadamente sobre c\u00f3mo trabajar juntos y no solo al mismo tiempo y sobre el arte de crear y dirigir una cultura apasionante del desempe\u00f1o.<\/p>\n<p style=\"text-align: center;\"><span style=\"color: #ffffff;\"><a href=\"https:\/\/cultureacademy.se\/om-oss\/\"><img decoding=\"async\" class=\"alignnone wp-image-87\" src=\"https:\/\/cultureacademy.se\/wp-content\/uploads\/2017\/09\/kontakt-pil-rosa.png\" alt=\"\" width=\"58\" height=\"58\" srcset=\"https:\/\/cultureacademy.se\/wp-content\/uploads\/2017\/09\/kontakt-pil-rosa.png 736w, https:\/\/cultureacademy.se\/wp-content\/uploads\/2017\/09\/kontakt-pil-rosa-150x150.png 150w, https:\/\/cultureacademy.se\/wp-content\/uploads\/2017\/09\/kontakt-pil-rosa-300x300.png 300w\" sizes=\"(max-width: 58px) 100vw, 58px\" \/><\/a><\/span><\/p>\n<p style=\"text-align: center;\"><span style=\"color: #ffffff;\">\u00a0<\/span><\/p>\n<p>[\/vc_column_text][\/vc_column][\/vc_row][vc_row unlock_row_content=\u00bbyes\u00bb row_height_percent=\u00bb0&#8243; overlay_alpha=\u00bb50&#8243; equal_height=\u00bbyes\u00bb gutter_size=\u00bb0&#8243; column_width_percent=\u00bb100&#8243; shift_y=\u00bb0&#8243; z_index=\u00bb0&#8243; mobile_visibility=\u00bbyes\u00bb row_height_pixel=\u00bb500&#8243;][vc_column column_width_percent=\u00bb100&#8243; position_vertical=\u00bbbottom\u00bb align_horizontal=\u00bbalign_center\u00bb gutter_size=\u00bb3&#8243; overlay_alpha=\u00bb50&#8243; shift_x=\u00bb0&#8243; shift_y=\u00bb0&#8243; shift_y_down=\u00bb0&#8243; z_index=\u00bb0&#8243; medium_width=\u00bb0&#8243; mobile_width=\u00bb0&#8243; width=\u00bb1\/2&#8243;][vc_single_image media=\u00bb83&#8243; media_width_percent=\u00bb100&#8243; css_animation=\u00bbleft-t-right\u00bb uncode_shortcode_id=\u00bb249086&#8243;][\/vc_column][vc_column column_width_percent=\u00bb100&#8243; position_vertical=\u00bbmiddle\u00bb align_horizontal=\u00bbalign_center\u00bb gutter_size=\u00bb3&#8243; override_padding=\u00bbyes\u00bb column_padding=\u00bb2&#8243; overlay_alpha=\u00bb50&#8243; shift_x=\u00bb0&#8243; shift_y=\u00bb0&#8243; shift_y_down=\u00bb0&#8243; z_index=\u00bb0&#8243; medium_width=\u00bb0&#8243; mobile_width=\u00bb0&#8243; width=\u00bb1\/2&#8243;][vc_column_text css=\u00bb.vc_custom_1669908073068{padding-left: 50px !important;}\u00bb uncode_shortcode_id=\u00bb110377&#8243;]<\/p>\n<h1 style=\"text-align: left;\"><span style=\"color: #ffffff;\">Linda Hammarstrand<\/span><\/h1>\n<p style=\"text-align: left;\">Nominada a oradora del a\u00f1o 2018. Da conferencias sobre c\u00f3mo crear una cultura corporativa comprometida y c\u00f3mo obtener la base de valor para mudarse. Linda es una atractiva formadora en liderazgo y posicionamiento de marca.<\/p>\n<p style=\"text-align: center;\"><a href=\"https:\/\/cultureacademy.se\/om-oss\/\"><img decoding=\"async\" class=\"alignnone wp-image-87 alignleft\" src=\"https:\/\/cultureacademy.se\/wp-content\/uploads\/2017\/09\/kontakt-pil-rosa.png\" alt=\"\" width=\"58\" height=\"58\" srcset=\"https:\/\/cultureacademy.se\/wp-content\/uploads\/2017\/09\/kontakt-pil-rosa.png 736w, https:\/\/cultureacademy.se\/wp-content\/uploads\/2017\/09\/kontakt-pil-rosa-150x150.png 150w, https:\/\/cultureacademy.se\/wp-content\/uploads\/2017\/09\/kontakt-pil-rosa-300x300.png 300w\" sizes=\"(max-width: 58px) 100vw, 58px\" \/><\/a><\/p>\n<p>[\/vc_column_text][\/vc_column][\/vc_row]<\/p>\n<\/div>","protected":false},"excerpt":{"rendered":"<p>[vc_row unlock_row_content=\u00bbyes\u00bb row_height_percent=\u00bb0&#8243; override_padding=\u00bbyes\u00bb h_padding=\u00bb0&#8243; top_padding=\u00bb0&#8243; bottom_padding=\u00bb0&#8243; overlay_alpha=\u00bb50&#8243; gutter_size=\u00bb3&#8243; column_width_percent=\u00bb100&#8243; shift_y=\u00bb0&#8243; z_index=\u00bb0&#8243;][vc_column width=\u00bb1\/1&#8243;][rev_slider_vc alias=\u00bbst1&#8243;][\/vc_column][\/vc_row][vc_row][vc_column column_width_percent=\u00bb100&#8243; gutter_size=\u00bb3&#8243; style=\u00bbdark\u00bb overlay_alpha=\u00bb50&#8243; shift_x=\u00bb0&#8243; shift_y=\u00bb0&#8243; [&hellip;]<\/p>\n","protected":false},"author":3,"featured_media":0,"parent":0,"menu_order":0,"comment_status":"closed","ping_status":"closed","template":"","meta":{"footnotes":""},"class_list":["post-1793","page","type-page","status-publish","hentry"],"_links":{"self":[{"href":"https:\/\/cultureacademy.se\/es\/wp-json\/wp\/v2\/pages\/1793","targetHints":{"allow":["GET"]}}],"collection":[{"href":"https:\/\/cultureacademy.se\/es\/wp-json\/wp\/v2\/pages"}],"about":[{"href":"https:\/\/cultureacademy.se\/es\/wp-json\/wp\/v2\/types\/page"}],"author":[{"embeddable":true,"href":"https:\/\/cultureacademy.se\/es\/wp-json\/wp\/v2\/users\/3"}],"replies":[{"embeddable":true,"href":"https:\/\/cultureacademy.se\/es\/wp-json\/wp\/v2\/comments?post=1793"}],"version-history":[{"count":17,"href":"https:\/\/cultureacademy.se\/es\/wp-json\/wp\/v2\/pages\/1793\/revisions"}],"predecessor-version":[{"id":2134,"href":"https:\/\/cultureacademy.se\/es\/wp-json\/wp\/v2\/pages\/1793\/revisions\/2134"}],"wp:attachment":[{"href":"https:\/\/cultureacademy.se\/es\/wp-json\/wp\/v2\/media?parent=1793"}],"curies":[{"name":"wp","href":"https:\/\/api.w.org\/{rel}","templated":true}]}}