{"id":1877,"date":"2017-10-11T09:44:54","date_gmt":"2017-10-11T07:44:54","guid":{"rendered":"https:\/\/cultureacademy.se\/habilidades-para-los-negocios\/"},"modified":"2022-12-04T17:53:57","modified_gmt":"2022-12-04T15:53:57","slug":"habilidades-para-los-negocios","status":"publish","type":"page","link":"https:\/\/cultureacademy.se\/es\/habilidades-para-los-negocios\/","title":{"rendered":"Habilidades para los negocios"},"content":{"rendered":"<div class=\"wpb-content-wrapper\"><p>[vc_row unlock_row_content=\u00bbyes\u00bb row_height_percent=\u00bb0&#8243; override_padding=\u00bbyes\u00bb h_padding=\u00bb0&#8243; top_padding=\u00bb0&#8243; bottom_padding=\u00bb0&#8243; overlay_alpha=\u00bb50&#8243; gutter_size=\u00bb3&#8243; column_width_percent=\u00bb100&#8243; shift_y=\u00bb0&#8243; z_index=\u00bb0&#8243;][vc_column width=\u00bb1\/1&#8243;][rev_slider_vc alias=\u00bbaffarsmannaskap\u00bb][\/vc_column][\/vc_row][vc_row row_height_percent=\u00bb0&#8243; override_padding=\u00bbyes\u00bb h_padding=\u00bb0&#8243; top_padding=\u00bb0&#8243; bottom_padding=\u00bb0&#8243; overlay_alpha=\u00bb50&#8243; equal_height=\u00bbyes\u00bb gutter_size=\u00bb0&#8243; column_width_percent=\u00bb100&#8243; shift_y=\u00bb0&#8243; z_index=\u00bb0&#8243;][vc_column column_width_percent=\u00bb100&#8243; override_padding=\u00bbyes\u00bb column_padding=\u00bb2&#8243; style=\u00bblight\u00bb overlay_alpha=\u00bb50&#8243; gutter_size=\u00bb3&#8243; medium_width=\u00bb0&#8243; mobile_width=\u00bb0&#8243; shift_x=\u00bb0&#8243; shift_y=\u00bb0&#8243; shift_y_down=\u00bb0&#8243; z_index=\u00bb0&#8243; width=\u00bb1\/4&#8243;][vc_widget_sidebar sidebar_id=\u00bbsidebar-124139&#8243;][\/vc_column][vc_column column_width_percent=\u00bb100&#8243; override_padding=\u00bbyes\u00bb column_padding=\u00bb2&#8243; style=\u00bblight\u00bb overlay_alpha=\u00bb50&#8243; gutter_size=\u00bb3&#8243; medium_width=\u00bb0&#8243; mobile_width=\u00bb0&#8243; shift_x=\u00bb0&#8243; shift_y=\u00bb0&#8243; shift_y_down=\u00bb0&#8243; z_index=\u00bb0&#8243; width=\u00bb3\/4&#8243;][vc_column_text]<\/p>\n<h1><span style=\"color: #000000;\">EQUIPO DE NEGOCIOS<\/span><\/h1>\n<p><span style=\"color: #000000;\">El objetivo de la formaci\u00f3n en perspicacia empresarial es que usted se vuelva m\u00e1s profesional y seguro como l\u00edder. <\/span><\/p>\n<p><span style=\"color: #000000;\">El efecto de la capacitaci\u00f3n es empleados m\u00e1s comprometidos y eficientes, lo que genera una mayor rentabilidad y, como resultado, clientes m\u00e1s satisfechos. <\/span><\/p>\n<p><span style=\"color: #000000;\">La visi\u00f3n para los negocios incluye finanzas, reclutamiento, t\u00e9cnicas de presentaci\u00f3n y t\u00e9cnicas de reuni\u00f3n. En otras palabras, es la base misma del \u00e9xito de su negocio.<strong> <\/strong><\/span><\/p>\n<p><span style=\"color: #000000;\"><strong>Grupo objetivo: Gerentes y miembros de la junta<\/strong><\/span>[\/vc_column_text][\/vc_column][\/vc_row][vc_row row_height_percent=\u00bb0&#8243; override_padding=\u00bbyes\u00bb h_padding=\u00bb2&#8243; top_padding=\u00bb1&#8243; bottom_padding=\u00bb2&#8243; overlay_alpha=\u00bb50&#8243; gutter_size=\u00bb3&#8243; column_width_percent=\u00bb100&#8243; shift_y=\u00bb0&#8243; z_index=\u00bb0&#8243;][vc_column width=\u00bb1\/1&#8243;][vc_separator sep_color=\u00bbcolor-150921&#8243; el_height=\u00bb2px\u00bb][\/vc_column][\/vc_row]<\/p>\n<\/div>","protected":false},"excerpt":{"rendered":"<p>[vc_row unlock_row_content=\u00bbyes\u00bb row_height_percent=\u00bb0&#8243; override_padding=\u00bbyes\u00bb h_padding=\u00bb0&#8243; top_padding=\u00bb0&#8243; bottom_padding=\u00bb0&#8243; overlay_alpha=\u00bb50&#8243; gutter_size=\u00bb3&#8243; column_width_percent=\u00bb100&#8243; shift_y=\u00bb0&#8243; z_index=\u00bb0&#8243;][vc_column width=\u00bb1\/1&#8243;][rev_slider_vc alias=\u00bbaffarsmannaskap\u00bb][\/vc_column][\/vc_row][vc_row row_height_percent=\u00bb0&#8243; override_padding=\u00bbyes\u00bb h_padding=\u00bb0&#8243; top_padding=\u00bb0&#8243; bottom_padding=\u00bb0&#8243; overlay_alpha=\u00bb50&#8243; [&hellip;]<\/p>\n","protected":false},"author":3,"featured_media":0,"parent":0,"menu_order":0,"comment_status":"closed","ping_status":"closed","template":"","meta":{"footnotes":""},"class_list":["post-1877","page","type-page","status-publish","hentry"],"_links":{"self":[{"href":"https:\/\/cultureacademy.se\/es\/wp-json\/wp\/v2\/pages\/1877","targetHints":{"allow":["GET"]}}],"collection":[{"href":"https:\/\/cultureacademy.se\/es\/wp-json\/wp\/v2\/pages"}],"about":[{"href":"https:\/\/cultureacademy.se\/es\/wp-json\/wp\/v2\/types\/page"}],"author":[{"embeddable":true,"href":"https:\/\/cultureacademy.se\/es\/wp-json\/wp\/v2\/users\/3"}],"replies":[{"embeddable":true,"href":"https:\/\/cultureacademy.se\/es\/wp-json\/wp\/v2\/comments?post=1877"}],"version-history":[{"count":2,"href":"https:\/\/cultureacademy.se\/es\/wp-json\/wp\/v2\/pages\/1877\/revisions"}],"predecessor-version":[{"id":1879,"href":"https:\/\/cultureacademy.se\/es\/wp-json\/wp\/v2\/pages\/1877\/revisions\/1879"}],"wp:attachment":[{"href":"https:\/\/cultureacademy.se\/es\/wp-json\/wp\/v2\/media?parent=1877"}],"curies":[{"name":"wp","href":"https:\/\/api.w.org\/{rel}","templated":true}]}}