{"id":1880,"date":"2017-10-11T09:44:18","date_gmt":"2017-10-11T07:44:18","guid":{"rendered":"https:\/\/cultureacademy.se\/para-liderar-el-cambio\/"},"modified":"2022-12-04T17:59:51","modified_gmt":"2022-12-04T15:59:51","slug":"para-liderar-el-cambio","status":"publish","type":"page","link":"https:\/\/cultureacademy.se\/es\/para-liderar-el-cambio\/","title":{"rendered":"Para liderar el cambio"},"content":{"rendered":"<div class=\"wpb-content-wrapper\"><p>[vc_row unlock_row_content=\u00bbyes\u00bb row_height_percent=\u00bb0&#8243; override_padding=\u00bbyes\u00bb h_padding=\u00bb0&#8243; top_padding=\u00bb0&#8243; bottom_padding=\u00bb0&#8243; overlay_alpha=\u00bb50&#8243; gutter_size=\u00bb3&#8243; column_width_percent=\u00bb100&#8243; shift_y=\u00bb0&#8243; z_index=\u00bb0&#8243;][vc_column width=\u00bb1\/1&#8243;][rev_slider_vc alias=\u00bbledaforandring\u00bb][\/vc_column][\/vc_row][vc_row row_height_percent=\u00bb0&#8243; override_padding=\u00bbyes\u00bb h_padding=\u00bb0&#8243; top_padding=\u00bb0&#8243; bottom_padding=\u00bb0&#8243; overlay_alpha=\u00bb50&#8243; equal_height=\u00bbyes\u00bb gutter_size=\u00bb0&#8243; column_width_percent=\u00bb100&#8243; shift_y=\u00bb0&#8243; z_index=\u00bb0&#8243;][vc_column column_width_percent=\u00bb100&#8243; override_padding=\u00bbyes\u00bb column_padding=\u00bb2&#8243; style=\u00bblight\u00bb overlay_alpha=\u00bb50&#8243; gutter_size=\u00bb3&#8243; medium_width=\u00bb0&#8243; mobile_width=\u00bb0&#8243; shift_x=\u00bb0&#8243; shift_y=\u00bb0&#8243; shift_y_down=\u00bb0&#8243; z_index=\u00bb0&#8243; width=\u00bb1\/4&#8243;][vc_widget_sidebar sidebar_id=\u00bbsidebar-124139&#8243;][\/vc_column][vc_column column_width_percent=\u00bb100&#8243; override_padding=\u00bbyes\u00bb column_padding=\u00bb2&#8243; style=\u00bblight\u00bb overlay_alpha=\u00bb50&#8243; gutter_size=\u00bb3&#8243; medium_width=\u00bb0&#8243; mobile_width=\u00bb0&#8243; shift_x=\u00bb0&#8243; shift_y=\u00bb0&#8243; shift_y_down=\u00bb0&#8243; z_index=\u00bb0&#8243; width=\u00bb3\/4&#8243;][vc_column_text]<\/p>\n<h1><span style=\"color: #000000;\"><strong>PARA LIDERAR EL CAMBIO<\/strong><\/span><\/h1>\n<p><span style=\"color: #000000;\">Lo \u00fanico que es permanente en un negocio es que haya cambios. Las condiciones cambian todo el tiempo y afectan su negocio: \u00a1los cambios son un estado normal!<\/span><\/p>\n<p><span style=\"color: #000000;\"> Para tener \u00e9xito como l\u00edder en el trabajo de cambio, se requiere estructura, objetivos claros y que los empleados lo consideren un l\u00edder claro y competente.<\/span><\/p>\n<p><span style=\"color: #000000;\">Liderar el cambio es un oficio y deber\u00e1 adaptar su liderazgo a la situaci\u00f3n.<\/span><\/p>\n<p><span style=\"color: #000000;\"><strong>Sobre la educacion<\/strong><\/span><\/p>\n<p><span style=\"color: #000000;\">\u00bfC\u00f3mo lograr un cambio exitoso?<\/span><\/p>\n<ul>\n<li><span style=\"color: #000000;\">Crear una visi\u00f3n emocional de un futuro mejor<\/span><\/li>\n<li><span style=\"color: #000000;\">El proceso de cambio<\/span><\/li>\n<li><span style=\"color: #000000;\">Anclar el cambio en la cultura de la empresa<\/span><\/li>\n<li><span style=\"color: #000000;\">Comprensi\u00f3n de las reacciones humanas a los cambios.<\/span><\/li>\n<li><span style=\"color: #000000;\">Crear una necesidad percibida<\/span><\/li>\n<li><span style=\"color: #000000;\">C\u00f3mo implementar el I-change en el trabajo diario<\/span><\/li>\n<li><span style=\"color: #000000;\">Establezca objetivos INTELIGENTES <\/span><\/li>\n<li><span style=\"color: #000000;\">\u00bfC\u00f3mo puedo hacer que todos emprendan el viaje del cambio? <\/span><\/li>\n<li><span style=\"color: #000000;\">Formar un grupo directivo fuerte para liderar el cambio hacia una mejora<\/span><\/li>\n<li><span style=\"color: #000000;\">Otorgar a los empleados responsabilidad y autoridad para actuar y eliminar las barreras organizacionales<\/span><\/li>\n<li><span style=\"color: #000000;\">Comprom\u00e9tase con ganancias a corto plazo a trav\u00e9s de comentarios y seguimiento<\/span><\/li>\n<li><span style=\"color: #000000;\">Anclar las ganancias y continuar con el trabajo de cambio<\/span><\/li>\n<li><span style=\"color: #000000;\">Entrenamiento con retroalimentaci\u00f3n personal<\/span><\/li>\n<\/ul>\n<p>[\/vc_column_text][\/vc_column][\/vc_row][vc_row row_height_percent=\u00bb0&#8243; override_padding=\u00bbyes\u00bb h_padding=\u00bb2&#8243; top_padding=\u00bb1&#8243; bottom_padding=\u00bb2&#8243; overlay_alpha=\u00bb50&#8243; gutter_size=\u00bb3&#8243; column_width_percent=\u00bb100&#8243; shift_y=\u00bb0&#8243; z_index=\u00bb0&#8243;][vc_column width=\u00bb1\/1&#8243;][vc_separator sep_color=\u00bbcolor-150921&#8243; el_height=\u00bb2px\u00bb][\/vc_column][\/vc_row]<\/p>\n<\/div>","protected":false},"excerpt":{"rendered":"<p>[vc_row unlock_row_content=\u00bbyes\u00bb row_height_percent=\u00bb0&#8243; override_padding=\u00bbyes\u00bb h_padding=\u00bb0&#8243; top_padding=\u00bb0&#8243; bottom_padding=\u00bb0&#8243; overlay_alpha=\u00bb50&#8243; gutter_size=\u00bb3&#8243; column_width_percent=\u00bb100&#8243; shift_y=\u00bb0&#8243; z_index=\u00bb0&#8243;][vc_column width=\u00bb1\/1&#8243;][rev_slider_vc alias=\u00bbledaforandring\u00bb][\/vc_column][\/vc_row][vc_row row_height_percent=\u00bb0&#8243; override_padding=\u00bbyes\u00bb h_padding=\u00bb0&#8243; top_padding=\u00bb0&#8243; bottom_padding=\u00bb0&#8243; overlay_alpha=\u00bb50&#8243; [&hellip;]<\/p>\n","protected":false},"author":1,"featured_media":0,"parent":0,"menu_order":0,"comment_status":"closed","ping_status":"closed","template":"","meta":{"footnotes":""},"class_list":["post-1880","page","type-page","status-publish","hentry"],"_links":{"self":[{"href":"https:\/\/cultureacademy.se\/es\/wp-json\/wp\/v2\/pages\/1880","targetHints":{"allow":["GET"]}}],"collection":[{"href":"https:\/\/cultureacademy.se\/es\/wp-json\/wp\/v2\/pages"}],"about":[{"href":"https:\/\/cultureacademy.se\/es\/wp-json\/wp\/v2\/types\/page"}],"author":[{"embeddable":true,"href":"https:\/\/cultureacademy.se\/es\/wp-json\/wp\/v2\/users\/1"}],"replies":[{"embeddable":true,"href":"https:\/\/cultureacademy.se\/es\/wp-json\/wp\/v2\/comments?post=1880"}],"version-history":[{"count":2,"href":"https:\/\/cultureacademy.se\/es\/wp-json\/wp\/v2\/pages\/1880\/revisions"}],"predecessor-version":[{"id":1882,"href":"https:\/\/cultureacademy.se\/es\/wp-json\/wp\/v2\/pages\/1880\/revisions\/1882"}],"wp:attachment":[{"href":"https:\/\/cultureacademy.se\/es\/wp-json\/wp\/v2\/media?parent=1880"}],"curies":[{"name":"wp","href":"https:\/\/api.w.org\/{rel}","templated":true}]}}