{"id":1883,"date":"2017-10-11T09:46:03","date_gmt":"2017-10-11T07:46:03","guid":{"rendered":"https:\/\/cultureacademy.se\/empleador-atractivo\/"},"modified":"2022-12-04T18:03:08","modified_gmt":"2022-12-04T16:03:08","slug":"empleador-atractivo","status":"publish","type":"page","link":"https:\/\/cultureacademy.se\/es\/empleador-atractivo\/","title":{"rendered":"Empleador atractivo"},"content":{"rendered":"<div class=\"wpb-content-wrapper\"><p>[vc_row unlock_row_content=\u00bbyes\u00bb row_height_percent=\u00bb0&#8243; override_padding=\u00bbyes\u00bb h_padding=\u00bb0&#8243; top_padding=\u00bb0&#8243; bottom_padding=\u00bb0&#8243; overlay_alpha=\u00bb50&#8243; gutter_size=\u00bb3&#8243; column_width_percent=\u00bb100&#8243; shift_y=\u00bb0&#8243; z_index=\u00bb0&#8243;][vc_column width=\u00bb1\/1&#8243;][rev_slider_vc alias=\u00bbattraktivarbg\u00bb][\/vc_column][\/vc_row][vc_row row_height_percent=\u00bb0&#8243; override_padding=\u00bbyes\u00bb h_padding=\u00bb0&#8243; top_padding=\u00bb0&#8243; bottom_padding=\u00bb0&#8243; overlay_alpha=\u00bb50&#8243; equal_height=\u00bbyes\u00bb gutter_size=\u00bb0&#8243; column_width_percent=\u00bb100&#8243; shift_y=\u00bb0&#8243; z_index=\u00bb0&#8243;][vc_column column_width_percent=\u00bb100&#8243; override_padding=\u00bbyes\u00bb column_padding=\u00bb2&#8243; style=\u00bblight\u00bb overlay_alpha=\u00bb50&#8243; gutter_size=\u00bb3&#8243; medium_width=\u00bb0&#8243; mobile_width=\u00bb0&#8243; shift_x=\u00bb0&#8243; shift_y=\u00bb0&#8243; shift_y_down=\u00bb0&#8243; z_index=\u00bb0&#8243; width=\u00bb1\/4&#8243;][vc_widget_sidebar sidebar_id=\u00bbsidebar-124139&#8243;][\/vc_column][vc_column column_width_percent=\u00bb100&#8243; override_padding=\u00bbyes\u00bb column_padding=\u00bb2&#8243; style=\u00bblight\u00bb overlay_alpha=\u00bb50&#8243; gutter_size=\u00bb3&#8243; medium_width=\u00bb0&#8243; mobile_width=\u00bb0&#8243; shift_x=\u00bb0&#8243; shift_y=\u00bb0&#8243; shift_y_down=\u00bb0&#8243; z_index=\u00bb0&#8243; width=\u00bb3\/4&#8243;][vc_column_text]<\/p>\n<h1><span style=\"color: #000000;\"><strong>AS\u00cd ES COMO USTED SE CONVIERTE EN UN EMPLEADOR ATRACTIVO<\/strong><\/span><\/h1>\n<p><span style=\"color: #000000;\">Ser capaz de atraer a los empleados adecuados es uno de los temas m\u00e1s importantes para las empresas en la actualidad. Pero, \u00bfc\u00f3mo saber qu\u00e9 hace que la empresa sea atractiva? \u00bfY c\u00f3mo retenemos y desarrollamos a los empleados para que elijan quedarse en nuestra empresa y convertirse en embajadores de la empresa?<\/span><\/p>\n<p><span style=\"color: #000000;\"><strong>Contenido<\/strong><\/span><\/p>\n<ul>\n<li><span style=\"color: #000000;\">\u00bfC\u00f3mo me convierto en un empleador atractivo? <\/span><\/li>\n<li><span style=\"color: #000000;\">Mi responsabilidad como empleador<\/span><\/li>\n<li><span style=\"color: #000000;\">\u00bfCu\u00e1l es la misi\u00f3n general de la empresa y cu\u00e1l es la visi\u00f3n? <\/span><\/li>\n<li><span style=\"color: #000000;\">\u00bfQu\u00e9 es el servicio y la cultura de servicio? <\/span><\/li>\n<li><span style=\"color: #000000;\">Atraer<\/span><\/li>\n<li><span style=\"color: #000000;\">Recluta<\/span><\/li>\n<li><span style=\"color: #000000;\">Introducir <\/span><\/li>\n<li><span style=\"color: #000000;\">Desarrollar y mantener<\/span><\/li>\n<li><span style=\"color: #000000;\">Salida<\/span><\/li>\n<li><span style=\"color: #000000;\">Desarrollo a trav\u00e9s de comentarios constructivos. <\/span><\/li>\n<li><span style=\"color: #000000;\">Herramientas y m\u00e9todos para tener \u00e9xito en el desarrollo a largo plazo<\/span><\/li>\n<li><span style=\"color: #000000;\">Entrenamiento con retroalimentaci\u00f3n personal<\/span><\/li>\n<\/ul>\n<p>[\/vc_column_text][\/vc_column][\/vc_row][vc_row row_height_percent=\u00bb0&#8243; override_padding=\u00bbyes\u00bb h_padding=\u00bb2&#8243; top_padding=\u00bb1&#8243; bottom_padding=\u00bb2&#8243; overlay_alpha=\u00bb50&#8243; gutter_size=\u00bb3&#8243; column_width_percent=\u00bb100&#8243; shift_y=\u00bb0&#8243; z_index=\u00bb0&#8243;][vc_column width=\u00bb1\/1&#8243;][vc_separator sep_color=\u00bbcolor-150921&#8243; el_height=\u00bb2px\u00bb][\/vc_column][\/vc_row]<\/p>\n<\/div>","protected":false},"excerpt":{"rendered":"<p>[vc_row unlock_row_content=\u00bbyes\u00bb row_height_percent=\u00bb0&#8243; override_padding=\u00bbyes\u00bb h_padding=\u00bb0&#8243; top_padding=\u00bb0&#8243; bottom_padding=\u00bb0&#8243; overlay_alpha=\u00bb50&#8243; gutter_size=\u00bb3&#8243; column_width_percent=\u00bb100&#8243; shift_y=\u00bb0&#8243; z_index=\u00bb0&#8243;][vc_column width=\u00bb1\/1&#8243;][rev_slider_vc alias=\u00bbattraktivarbg\u00bb][\/vc_column][\/vc_row][vc_row row_height_percent=\u00bb0&#8243; override_padding=\u00bbyes\u00bb h_padding=\u00bb0&#8243; top_padding=\u00bb0&#8243; bottom_padding=\u00bb0&#8243; overlay_alpha=\u00bb50&#8243; [&hellip;]<\/p>\n","protected":false},"author":1,"featured_media":0,"parent":0,"menu_order":0,"comment_status":"closed","ping_status":"closed","template":"","meta":{"footnotes":""},"class_list":["post-1883","page","type-page","status-publish","hentry"],"_links":{"self":[{"href":"https:\/\/cultureacademy.se\/es\/wp-json\/wp\/v2\/pages\/1883","targetHints":{"allow":["GET"]}}],"collection":[{"href":"https:\/\/cultureacademy.se\/es\/wp-json\/wp\/v2\/pages"}],"about":[{"href":"https:\/\/cultureacademy.se\/es\/wp-json\/wp\/v2\/types\/page"}],"author":[{"embeddable":true,"href":"https:\/\/cultureacademy.se\/es\/wp-json\/wp\/v2\/users\/1"}],"replies":[{"embeddable":true,"href":"https:\/\/cultureacademy.se\/es\/wp-json\/wp\/v2\/comments?post=1883"}],"version-history":[{"count":2,"href":"https:\/\/cultureacademy.se\/es\/wp-json\/wp\/v2\/pages\/1883\/revisions"}],"predecessor-version":[{"id":1885,"href":"https:\/\/cultureacademy.se\/es\/wp-json\/wp\/v2\/pages\/1883\/revisions\/1885"}],"wp:attachment":[{"href":"https:\/\/cultureacademy.se\/es\/wp-json\/wp\/v2\/media?parent=1883"}],"curies":[{"name":"wp","href":"https:\/\/api.w.org\/{rel}","templated":true}]}}