{"id":1894,"date":"2017-10-11T09:45:42","date_gmt":"2017-10-11T07:45:42","guid":{"rendered":"https:\/\/cultureacademy.se\/la-teoria-disc-la-riqueza-de-las-diferencias\/"},"modified":"2022-12-04T18:18:03","modified_gmt":"2022-12-04T16:18:03","slug":"la-teoria-disc-la-riqueza-de-las-diferencias","status":"publish","type":"page","link":"https:\/\/cultureacademy.se\/es\/la-teoria-disc-la-riqueza-de-las-diferencias\/","title":{"rendered":"La teor\u00eda DISC, la riqueza de las diferencias"},"content":{"rendered":"<div class=\"wpb-content-wrapper\"><p>[vc_row unlock_row_content=\u00bbyes\u00bb row_height_percent=\u00bb0&#8243; override_padding=\u00bbyes\u00bb h_padding=\u00bb0&#8243; top_padding=\u00bb0&#8243; bottom_padding=\u00bb0&#8243; overlay_alpha=\u00bb50&#8243; gutter_size=\u00bb3&#8243; column_width_percent=\u00bb100&#8243; shift_y=\u00bb0&#8243; z_index=\u00bb0&#8243;][vc_column width=\u00bb1\/1&#8243;][rev_slider_vc alias=\u00bbpersonanalys\u00bb][\/vc_column][\/vc_row][vc_row row_height_percent=\u00bb0&#8243; override_padding=\u00bbyes\u00bb h_padding=\u00bb0&#8243; top_padding=\u00bb0&#8243; bottom_padding=\u00bb0&#8243; overlay_alpha=\u00bb50&#8243; equal_height=\u00bbyes\u00bb gutter_size=\u00bb0&#8243; column_width_percent=\u00bb100&#8243; shift_y=\u00bb0&#8243; z_index=\u00bb0&#8243;][vc_column column_width_percent=\u00bb100&#8243; override_padding=\u00bbyes\u00bb column_padding=\u00bb2&#8243; style=\u00bblight\u00bb overlay_alpha=\u00bb50&#8243; gutter_size=\u00bb3&#8243; medium_width=\u00bb0&#8243; mobile_width=\u00bb0&#8243; shift_x=\u00bb0&#8243; shift_y=\u00bb0&#8243; shift_y_down=\u00bb0&#8243; z_index=\u00bb0&#8243; width=\u00bb1\/4&#8243;][vc_widget_sidebar sidebar_id=\u00bbsidebar-124139&#8243;][\/vc_column][vc_column column_width_percent=\u00bb100&#8243; override_padding=\u00bbyes\u00bb column_padding=\u00bb2&#8243; style=\u00bblight\u00bb overlay_alpha=\u00bb50&#8243; gutter_size=\u00bb3&#8243; medium_width=\u00bb0&#8243; mobile_width=\u00bb0&#8243; shift_x=\u00bb0&#8243; shift_y=\u00bb0&#8243; shift_y_down=\u00bb0&#8243; z_index=\u00bb0&#8243; width=\u00bb3\/4&#8243;][vc_column_text]<\/p>\n<h1><span style=\"color: #000000;\"><strong>LA TEOR\u00cdA DISC<\/strong><\/span><\/h1>\n<p>&nbsp;<\/p>\n<p>La teor\u00eda DISC nos da conocimiento de nuestros cuatro comportamientos b\u00e1sicos diferentes. Los humanos tenemos experiencias diferentes y obtenemos nuestra energ\u00eda de diferentes cosas dependiendo del perfil de comportamiento que tengamos.<\/p>\n<p>DISA\/DISC es una herramienta de autoevaluaci\u00f3n, un an\u00e1lisis que solo muestra comportamientos, no es una prueba de personalidad.<\/p>\n<p>Son los estudios psicol\u00f3gicos de Jung &amp; Marston los que forman la base del modelo.<\/p>\n<p>IPU posee la licencia del modelo en Suecia.<\/p>\n<p>Los cuatro colores no pueden de ninguna manera describir a una persona en su totalidad, pero el reconocimiento es sorprendente.<\/p>\n<p>-\u00bfEres una persona anal\u00edtica, impulsora, inspiradora o solidaria? S\u00ed, tenemos un poco de todo en nosotros, pero una cosa es cierta: tenemos nuestro comportamiento b\u00e1sico en uno de los colores.<\/p>\n<p>La conferencia ofrece una revisi\u00f3n entretenida que nos ayuda a construir equipos, desarrollar liderazgo y mejorar nuestra comunicaci\u00f3n. Nuestros clientes incluyen desde peque\u00f1os equipos, grandes empresas y administraci\u00f3n p\u00fablica.<\/p>\n<p>\u00bfDe qu\u00e9 color eres t\u00fa y de qu\u00e9 color son los dem\u00e1s?<\/p>\n<p>\u00a1Recibir\u00e1 muchos buenos consejos sobre c\u00f3mo usted y sus empleados pueden mejorar a\u00fan m\u00e1s en la colaboraci\u00f3n y conocer a sus clientes de manera precisa!<\/p>\n<p><em>Esta conferencia se adapta de acuerdo con el n\u00famero de participantes y <\/em><i>deseos. Podemos orientar la formaci\u00f3n hacia: <\/i><\/p>\n<p><i>-Rebaja<\/i><\/p>\n<p><i>-Liderazgo<\/i><\/p>\n<p><i>&#8211; Trabajo en equipo<\/i><\/p>\n<p><em>-Comunicaci\u00f3n<\/em><\/p>\n<p><i>Podemos Disc&#8217;a hasta 120 personas al mismo tiempo.<\/i>[\/vc_column_text][\/vc_column][\/vc_row][vc_row row_height_percent=\u00bb0&#8243; override_padding=\u00bbyes\u00bb h_padding=\u00bb2&#8243; top_padding=\u00bb1&#8243; bottom_padding=\u00bb2&#8243; overlay_alpha=\u00bb50&#8243; gutter_size=\u00bb3&#8243; column_width_percent=\u00bb100&#8243; shift_y=\u00bb0&#8243; z_index=\u00bb0&#8243;][vc_column width=\u00bb1\/1&#8243;][vc_separator sep_color=\u00bbcolor-150921&#8243; el_height=\u00bb2px\u00bb][\/vc_column][\/vc_row]<\/p>\n<\/div>","protected":false},"excerpt":{"rendered":"<p>[vc_row unlock_row_content=\u00bbyes\u00bb row_height_percent=\u00bb0&#8243; override_padding=\u00bbyes\u00bb h_padding=\u00bb0&#8243; top_padding=\u00bb0&#8243; bottom_padding=\u00bb0&#8243; overlay_alpha=\u00bb50&#8243; gutter_size=\u00bb3&#8243; column_width_percent=\u00bb100&#8243; shift_y=\u00bb0&#8243; z_index=\u00bb0&#8243;][vc_column width=\u00bb1\/1&#8243;][rev_slider_vc alias=\u00bbpersonanalys\u00bb][\/vc_column][\/vc_row][vc_row row_height_percent=\u00bb0&#8243; override_padding=\u00bbyes\u00bb h_padding=\u00bb0&#8243; top_padding=\u00bb0&#8243; bottom_padding=\u00bb0&#8243; overlay_alpha=\u00bb50&#8243; [&hellip;]<\/p>\n","protected":false},"author":1,"featured_media":0,"parent":0,"menu_order":0,"comment_status":"closed","ping_status":"closed","template":"","meta":{"footnotes":""},"class_list":["post-1894","page","type-page","status-publish","hentry"],"_links":{"self":[{"href":"https:\/\/cultureacademy.se\/es\/wp-json\/wp\/v2\/pages\/1894","targetHints":{"allow":["GET"]}}],"collection":[{"href":"https:\/\/cultureacademy.se\/es\/wp-json\/wp\/v2\/pages"}],"about":[{"href":"https:\/\/cultureacademy.se\/es\/wp-json\/wp\/v2\/types\/page"}],"author":[{"embeddable":true,"href":"https:\/\/cultureacademy.se\/es\/wp-json\/wp\/v2\/users\/1"}],"replies":[{"embeddable":true,"href":"https:\/\/cultureacademy.se\/es\/wp-json\/wp\/v2\/comments?post=1894"}],"version-history":[{"count":2,"href":"https:\/\/cultureacademy.se\/es\/wp-json\/wp\/v2\/pages\/1894\/revisions"}],"predecessor-version":[{"id":1898,"href":"https:\/\/cultureacademy.se\/es\/wp-json\/wp\/v2\/pages\/1894\/revisions\/1898"}],"wp:attachment":[{"href":"https:\/\/cultureacademy.se\/es\/wp-json\/wp\/v2\/media?parent=1894"}],"curies":[{"name":"wp","href":"https:\/\/api.w.org\/{rel}","templated":true}]}}