{"id":1899,"date":"2017-09-22T09:40:51","date_gmt":"2017-09-22T07:40:51","guid":{"rendered":"https:\/\/cultureacademy.se\/conferencias\/"},"modified":"2022-12-04T18:29:23","modified_gmt":"2022-12-04T16:29:23","slug":"conferencias","status":"publish","type":"page","link":"https:\/\/cultureacademy.se\/es\/conferencias\/","title":{"rendered":"Conferencias"},"content":{"rendered":"<div class=\"wpb-content-wrapper\"><p>[vc_row unlock_row_content=\u00bbyes\u00bb row_height_percent=\u00bb0&#8243; override_padding=\u00bbyes\u00bb h_padding=\u00bb0&#8243; top_padding=\u00bb0&#8243; bottom_padding=\u00bb0&#8243; overlay_alpha=\u00bb50&#8243; gutter_size=\u00bb3&#8243; column_width_percent=\u00bb100&#8243; shift_y=\u00bb0&#8243; z_index=\u00bb0&#8243;][vc_column width=\u00bb1\/1&#8243;][rev_slider_vc alias=\u00bbforelasningar\u00bb][\/vc_column][\/vc_row][vc_row row_height_percent=\u00bb0&#8243; back_color=\u00bbcolor-jevc\u00bb overlay_alpha=\u00bb50&#8243; gutter_size=\u00bb3&#8243; column_width_percent=\u00bb100&#8243; shift_y=\u00bb0&#8243; z_index=\u00bb0&#8243;][vc_column width=\u00bb1\/1&#8243;][vc_column_text css=\u00bb.vc_custom_1534237283397{margin-right: 20px !important;margin-left: 20px !important;}\u00bb]<\/p>\n<h4 style=\"text-align: center;\"><span style=\"color: #ffffff;\"><strong>Linda compara la empresa con una carrera de relevos donde cada empleado tiene el papel principal en su secci\u00f3n. Da conferencias sobre c\u00f3mo crear y ejecutar una cultura corporativa de alto rendimiento. \u00bfC\u00f3mo se conecta la base de valor con el resultado? Resolver\u00e1s esto y mucho m\u00e1s juntos. \u00a1Se promete una experiencia inspiradora y herramientas concretas! <\/strong><\/span><\/h4>\n<p>[\/vc_column_text][\/vc_column][\/vc_row][vc_row row_height_percent=\u00bb0&#8243; back_color=\u00bbcolor-jevc\u00bb overlay_alpha=\u00bb50&#8243; gutter_size=\u00bb3&#8243; column_width_percent=\u00bb100&#8243; shift_y=\u00bb0&#8243; z_index=\u00bb0&#8243;][vc_column width=\u00bb1\/1&#8243;][\/vc_column][\/vc_row][vc_row][vc_column column_width_percent=\u00bb100&#8243; gutter_size=\u00bb3&#8243; style=\u00bblight\u00bb overlay_alpha=\u00bb50&#8243; shift_x=\u00bb0&#8243; shift_y=\u00bb0&#8243; shift_y_down=\u00bb0&#8243; z_index=\u00bb0&#8243; medium_width=\u00bb0&#8243; mobile_width=\u00bb0&#8243; width=\u00bb1\/1&#8243;][vc_column_text]<span style=\"color: #000000;\">Son nuestros h\u00e1bitos y comportamientos, nuestra cultura corporativa, lo que es visible en la \u00faltima l\u00ednea. El \u00e9xito est\u00e1 enteramente en manos de los empleados, y es responsabilidad de la direcci\u00f3n proporcionarles las condiciones adecuadas. Lo que convierte a las empresas en l\u00edderes es su capacidad para colaborar internamente y compartir conocimientos sobre lo que hacen. Deben trabajar juntos y no solo al mismo tiempo.   <\/span><\/p>\n<p><span style=\"color: #000000;\">Espere una actuaci\u00f3n brillante de Linda, quien destaca el poder de la cultura de la empresa y la comprensi\u00f3n del trabajo basado en valores. Su experiencia de trabajar con empresarios exitosos, como Petter Stordalen de Nordic Choice Hotels y Dan Sten Olsson de Stena Group, brinda una enorme inspiraci\u00f3n. <\/span><\/p>\n<p>&nbsp;[\/vc_column_text][\/vc_column][\/vc_row][vc_row row_height_percent=\u00bb0&#8243; back_color=\u00bbcolor-xsdn\u00bb overlay_alpha=\u00bb50&#8243; gutter_size=\u00bb3&#8243; column_width_percent=\u00bb100&#8243; shift_y=\u00bb0&#8243; z_index=\u00bb0&#8243;][vc_column width=\u00bb1\/1&#8243;][vc_raw_html]PGlmcmFtZSB3aWR0aD0iNzgwIiBoZWlnaHQ9IjQzOCIgc3JjPSJodHRwczovL3d3dy55b3V0dWJlLmNvbS9lbWJlZC9meU5NdTkwNTdndyIgdGl0bGU9IllvdVR1YmUgdmlkZW8gcGxheWVyIiBmcmFtZWJvcmRlcj0iMCIgYWxsb3c9ImFjY2VsZXJvbWV0ZXI7IGF1dG9wbGF5OyBjbGlwYm9hcmQtd3JpdGU7IGVuY3J5cHRlZC1tZWRpYTsgZ3lyb3Njb3BlOyBwaWN0dXJlLWluLXBpY3R1cmUiIGFsbG93ZnVsbHNjcmVlbj0iIj48L2lmcmFtZT4=[\/vc_raw_html][\/vc_column][\/vc_row][vc_row row_height_percent=\u00bb0&#8243; override_padding=\u00bbyes\u00bb h_padding=\u00bb2&#8243; top_padding=\u00bb2&#8243; bottom_padding=\u00bb2&#8243; overlay_alpha=\u00bb50&#8243; gutter_size=\u00bb3&#8243; column_width_percent=\u00bb100&#8243; shift_y=\u00bb0&#8243; z_index=\u00bb0&#8243;][vc_column column_width_percent=\u00bb100&#8243; gutter_size=\u00bb3&#8243; style=\u00bblight\u00bb overlay_alpha=\u00bb50&#8243; shift_x=\u00bb0&#8243; shift_y=\u00bb0&#8243; shift_y_down=\u00bb0&#8243; z_index=\u00bb0&#8243; medium_width=\u00bb0&#8243; mobile_width=\u00bb0&#8243; width=\u00bb1\/1&#8243;][vc_accordion active_tab=\u00bb0&#8243;][vc_accordion_tab title=\u00bbConferencias actuales\u00bb tab_id=\u00bb1525927798112-5-4&#8243;][vc_column_text]<\/p>\n<h5>Las conferencias actuales se publican aqu\u00ed.<\/h5>\n<p>[\/vc_column_text][\/vc_accordion_tab][vc_accordion_tab title=\u00bbEl efecto de contratar a Linda Hammarstrand\u00bb tab_id=\u00bb1508235931-1-27&#8243;][vc_column_text]<span style=\"color: #000000;\">Con su experiencia, combinada con las \u00faltimas investigaciones, Linda crea una presencia con la audiencia que carga tanto programas grandes como peque\u00f1os. Ella contribuye a la inspiraci\u00f3n y las herramientas concretas en su propio trabajo de cambio.  <\/span><\/p>\n<p><span style=\"color: #000000;\">Las conferencias de Linda dan vida a la audiencia y crean una idea de c\u00f3mo se aceleran en una cultura corporativa basada en valores. Ella comparte muchas herramientas concretas que mejoran la comunicaci\u00f3n, la colaboraci\u00f3n y la comprensi\u00f3n de cu\u00e1l es la soluci\u00f3n en su gran relevo. <\/span>[\/vc_column_text][\/vc_accordion_tab][vc_accordion_tab title=\u00bbAs\u00ed es Linda como oradora\u00bb tab_id=\u00bb1508235931-2-15&#8243;][vc_column_text]<span style=\"color: #000000;\">\u00a1Linda es una profesora incre\u00edblemente apasionada y comprometida! Ella generosamente comparte sus experiencias, \u00a1sin dejar a nadie en la audiencia intacto! Su capacidad para crear comprensi\u00f3n y poner en palabras c\u00f3mo crear una cultura empresarial ganadora la hace \u00fanica..  <\/span>[\/vc_column_text][\/vc_accordion_tab][vc_accordion_tab title=\u00bbAs\u00ed es como trabaja Linda\u00bb tab_id=\u00bb1508236469733-2-10&#8243;][vc_column_text]<span style=\"color: #000000;\">Cada conferencia es un oficio. Linda adapta la experiencia y el gui\u00f3n a la audiencia y lo que deben llevarse a casa. \u00a1Su experiencia como oradora la hace precisa!  <\/span>[\/vc_column_text][\/vc_accordion_tab][vc_accordion_tab title=\u00bbLinda ofrece\u00bb tab_id=\u00bb1508236501854-3-4&#8243;][vc_column_text]<span style=\"color: #000000;\">Ella da una conferencia sobre el poder de la cultura corporativa y c\u00f3mo crear fan\u00e1ticos brillantes. Ella tiene el m\u00e1s profundo respeto por estar al d\u00eda en los temas que se discuten, y no hay duda de que Linda sabe y le apasiona lo que est\u00e1 hablando. <\/span>[\/vc_column_text][\/vc_accordion_tab][vc_accordion_tab title=\u00bblinda encaja a la perfecci\u00f3n\u00bb tab_id=\u00bb1508236537294-4-4&#8243;][vc_column_text]<span style=\"color: #000000;\">Conferencias inspiradoras<\/span><br \/>\n<span style=\"color: #000000;\">Kick-off<\/span><br \/>\n<span style=\"color: #000000;\">Trabajo en equipo<\/span><br \/>\n<span style=\"color: #000000;\">Reuniones del equipo directivo<\/span><br \/>\n<span style=\"color: #000000;\">D\u00edas h\u00e1biles<\/span><br \/>\n<span style=\"color: #000000;\">Reuniones de estrategia donde el ponente tambi\u00e9n act\u00faa como facilitador con el objetivo de desarrollar una nueva estrategia, etc.<\/span>[\/vc_column_text][\/vc_accordion_tab][\/vc_accordion][\/vc_column][\/vc_row][vc_row row_height_percent=\u00bb0&#8243; override_padding=\u00bbyes\u00bb h_padding=\u00bb0&#8243; top_padding=\u00bb1&#8243; bottom_padding=\u00bb2&#8243; back_color=\u00bbcolor-xsdn\u00bb overlay_color=\u00bbcolor-xsdn\u00bb overlay_alpha=\u00bb100&#8243; equal_height=\u00bbyes\u00bb gutter_size=\u00bb3&#8243; column_width_percent=\u00bb100&#8243; shift_y=\u00bb0&#8243; z_index=\u00bb0&#8243; row_height_pixel=\u00bb300&#8243;][vc_column column_width_percent=\u00bb100&#8243; align_horizontal=\u00bbalign_center\u00bb gutter_size=\u00bb3&#8243; back_image=\u00bb72&#8243; overlay_color=\u00bbcolor-xsdn\u00bb overlay_alpha=\u00bb70&#8243; shift_x=\u00bb0&#8243; shift_y=\u00bb0&#8243; shift_y_down=\u00bb0&#8243; z_index=\u00bb0&#8243; medium_width=\u00bb0&#8243; mobile_width=\u00bb0&#8243; width=\u00bb1\/3&#8243; back_size=\u00bblenght\u00bb][vc_column_text]<\/p>\n<h5 style=\"text-align: left;\"><em><span style=\"color: #000000;\"> <\/span><\/em><\/h5>\n<h5 style=\"text-align: left;\"><em><span style=\"color: #000000;\"> <\/span><\/em><\/h5>\n<h5 style=\"text-align: left;\"><em><span style=\"color: #000000;\"> <\/span><\/em><\/h5>\n<h5 style=\"text-align: left;\"><em><span style=\"color: #000000;\">\u00a1Linda Hammarstrand tuvo un \u00e9xito fant\u00e1stico con el arte de lograr que 400 participantes en Passion HR entendieran realmente qu\u00e9 puede ser la \u00abpasi\u00f3n\u00bb en un lugar de trabajo! \u00a1Una actuaci\u00f3n colorida, incre\u00edblemente inspiradora y personal que no dej\u00f3 a nadie intacto! La evaluaci\u00f3n de los clientes coloc\u00f3 a Linda Hammarstrand en el segundo lugar de todos los oradores, \u00a1y solo fue superada por Fredrik Reinfeldt!  <\/span><\/em><\/h5>\n<p style=\"text-align: center;\"><span style=\"color: #000000;\">ANETTE M\u00c5RS, EDGE HR<\/span><\/p>\n<p>[\/vc_column_text][\/vc_column][vc_column column_width_percent=\u00bb100&#8243; align_horizontal=\u00bbalign_center\u00bb gutter_size=\u00bb3&#8243; back_image=\u00bb72&#8243; overlay_color=\u00bbcolor-xsdn\u00bb overlay_alpha=\u00bb70&#8243; shift_x=\u00bb0&#8243; shift_y=\u00bb0&#8243; shift_y_down=\u00bb0&#8243; z_index=\u00bb0&#8243; medium_width=\u00bb0&#8243; mobile_width=\u00bb0&#8243; width=\u00bb1\/3&#8243; back_size=\u00bblenght\u00bb][vc_column_text]<\/p>\n<h5 style=\"text-align: left;\"><em><span style=\"color: #000000;\"> <\/span><\/em><\/h5>\n<h5 style=\"text-align: left;\"><em><span style=\"color: #000000;\"> <\/span><\/em><\/h5>\n<h5 style=\"text-align: left;\"><em><span style=\"color: #000000;\"> <\/span><\/em><\/h5>\n<h5 style=\"text-align: left;\"><em><span style=\"color: #000000;\">Linda comenz\u00f3 el Business Life Day 2017 invitando a nuestros 900 participantes a una verdadera inauguraci\u00f3n. Con una interesante conferencia sobre cultura corporativa, cautiv\u00f3 a todos y recibi\u00f3 la calificaci\u00f3n m\u00e1s alta o la segunda m\u00e1s alta del 80 % de los participantes. Hable acerca de hacer una impresi\u00f3n.  <\/span><\/em><\/h5>\n<p style=\"text-align: center;\"><em><span style=\"color: #000000;\">MAGNUS WERNERSSON, N\u00c4RINGSLIVET FALKENBERG<\/span><\/em><\/p>\n<p>[\/vc_column_text][\/vc_column][vc_column column_width_percent=\u00bb100&#8243; align_horizontal=\u00bbalign_center\u00bb gutter_size=\u00bb3&#8243; back_image=\u00bb72&#8243; overlay_color=\u00bbcolor-xsdn\u00bb overlay_alpha=\u00bb70&#8243; shift_x=\u00bb0&#8243; shift_y=\u00bb0&#8243; shift_y_down=\u00bb0&#8243; z_index=\u00bb0&#8243; medium_width=\u00bb0&#8243; mobile_width=\u00bb0&#8243; width=\u00bb1\/3&#8243; back_size=\u00bblenght\u00bb][vc_column_text]<\/p>\n<h5 style=\"text-align: left;\"><em><span style=\"color: #000000;\"> <\/span><\/em><\/h5>\n<h5 style=\"text-align: left;\"><em><span style=\"color: #000000;\"> <\/span><\/em><\/h5>\n<h5 style=\"text-align: left;\"><em><span style=\"color: #000000;\"> <\/span><\/em><\/h5>\n<h5 style=\"text-align: left;\"><em><span style=\"color: #000000;\">\u00abCuando organizamos la Semana de la C\u00e1mara de Comercio de 2017, contratamos a Linda Hammarstrand como oradora durante el seminario: Culturas corporativas que generan pasi\u00f3n y generan rentabilidad. Linda es una oradora muy interesante, atractiva y apasionada que lleva a la audiencia al centro de la pasi\u00f3n. y cultura corporativa. Estamos muy contentos con la colaboraci\u00f3n con Linda Hammarstrand y vemos buenas condiciones para una futura asociaci\u00f3n continua\u00bb.<\/span><\/em><\/h5>\n<p style=\"text-align: center;\"><em><span style=\"color: #000000;\">M\u00c5RTEN WESTLUND, GERENTE DE COMUNICACI\u00d3N, LA C\u00c1MARA DE COMERCIO DE SUECA OCCIDENTAL<\/span><\/em><\/p>\n<p>[\/vc_column_text][\/vc_column][\/vc_row][vc_row row_height_percent=\u00bb0&#8243; override_padding=\u00bbyes\u00bb h_padding=\u00bb0&#8243; top_padding=\u00bb1&#8243; bottom_padding=\u00bb2&#8243; back_color=\u00bbcolor-xsdn\u00bb overlay_color=\u00bbcolor-xsdn\u00bb overlay_alpha=\u00bb100&#8243; equal_height=\u00bbyes\u00bb gutter_size=\u00bb3&#8243; column_width_percent=\u00bb100&#8243; shift_y=\u00bb0&#8243; z_index=\u00bb0&#8243; row_height_pixel=\u00bb300&#8243;][vc_column column_width_percent=\u00bb100&#8243; align_horizontal=\u00bbalign_center\u00bb gutter_size=\u00bb3&#8243; back_image=\u00bb72&#8243; overlay_color=\u00bbcolor-xsdn\u00bb overlay_alpha=\u00bb70&#8243; shift_x=\u00bb0&#8243; shift_y=\u00bb0&#8243; shift_y_down=\u00bb0&#8243; z_index=\u00bb0&#8243; medium_width=\u00bb0&#8243; mobile_width=\u00bb0&#8243; width=\u00bb1\/3&#8243; back_size=\u00bblenght\u00bb][vc_column_text]<\/p>\n<h5><em><span style=\"color: #000000;\"><img decoding=\"async\" class=\"alignnone wp-image-874\" src=\"https:\/\/cultureacademy.se\/wp-content\/uploads\/2019\/06\/Guld_utm%C3%A4rkt_f%C3%B6rel%C3%A4sare_chefsn%C3%A4tverket-Close-300x298.png\" alt=\"\" width=\"154\" height=\"153\"><\/span><\/em><\/h5>\n<h5><em><span style=\"color: #000000;\">La red de directivos Close organiza m\u00e1s de 150 eventos al a\u00f1o para 1.500 directivos de alto nivel del sector empresarial y p\u00fablico sueco. Despu\u00e9s de cada d\u00eda de networking, se les pregunta: \u00bfQu\u00e9 piensas de la conferencia? Luego, los participantes reciben una calificaci\u00f3n en una escala de 1 a 5. Solo los profesores con una nota de 4,8 o m\u00e1s reciben el premio en ORO que has recibido de nuestras participantes Linda.    <\/span><\/em><\/h5>\n<p style=\"text-align: center;\"><span style=\"color: #000000;\">CATHARINA WOXELL, LA RED JEFE CLOSE<\/span><\/p>\n<p>[\/vc_column_text][\/vc_column][vc_column column_width_percent=\u00bb100&#8243; align_horizontal=\u00bbalign_center\u00bb gutter_size=\u00bb3&#8243; back_image=\u00bb72&#8243; overlay_color=\u00bbcolor-xsdn\u00bb overlay_alpha=\u00bb70&#8243; shift_x=\u00bb0&#8243; shift_y=\u00bb0&#8243; shift_y_down=\u00bb0&#8243; z_index=\u00bb0&#8243; medium_width=\u00bb0&#8243; mobile_width=\u00bb0&#8243; width=\u00bb1\/3&#8243; back_size=\u00bblenght\u00bb][vc_column_text]<\/p>\n<h5><em> <\/em><\/h5>\n<h5><em> <\/em><\/h5>\n<h5><em> <\/em><\/h5>\n<h5 style=\"text-align: left;\"><em><span style=\"color: #000000;\">Me gustar\u00eda recomendar calurosamente a Linda Hammarstrand por su incre\u00edble capacidad para transmitir conocimientos sobre la cultura corporativa de una manera inteligente y sencilla, lo cual es crucial en las organizaciones exitosas de hoy. En mi opini\u00f3n, ella es la mejor profesora que tenemos en nuestro pa\u00eds: \u00a1la pasi\u00f3n por lo que hace es palpable!  <\/span><\/em><\/h5>\n<p style=\"text-align: center;\"><span style=\"color: #000000;\"> KRISTER RUTH, ASESOR SENIOR \/ ESTRATEGA, RELACIONES EXTERNAS Y DESARROLLO DE UBICACI\u00d3N ESTRAT\u00c9GICA UME\u00c5<br \/>\n<\/span>[\/vc_column_text][\/vc_column][vc_column column_width_percent=\u00bb100&#8243; align_horizontal=\u00bbalign_center\u00bb gutter_size=\u00bb3&#8243; back_image=\u00bb72&#8243; overlay_color=\u00bbcolor-xsdn\u00bb overlay_alpha=\u00bb70&#8243; shift_x=\u00bb0&#8243; shift_y=\u00bb0&#8243; shift_y_down=\u00bb0&#8243; z_index=\u00bb0&#8243; medium_width=\u00bb0&#8243; mobile_width=\u00bb0&#8243; width=\u00bb1\/3&#8243; back_size=\u00bblenght\u00bb][vc_column_text]<\/p>\n<h5><em> <\/em><\/h5>\n<h5><em> <\/em><\/h5>\n<h5><em> <\/em><\/h5>\n<h5 style=\"text-align: left;\"><em><span style=\"color: #000000;\">Linda tiene una habilidad fant\u00e1stica para capturar a la audiencia y ofrecer herramientas y formas sencillas para lograr el \u00e9xito. Ella crea una atm\u00f3sfera y un compromiso en sus conferencias que permanece. Con un maravilloso sentido del humor y total seriedad, Linda transmite la importancia de sentir pasi\u00f3n por lo que haces y c\u00f3mo el trabajo en equipo nos convierte en l\u00edderes. Ella hace que todos en la audiencia quieran volver al trabajo y comenzar a \u00abtrabajar juntos, \u00a1no solo al mismo tiempo!\u00bb Con gran conocimiento y brillante ret\u00f3rica, Linda crea magia. <\/span><\/em><\/h5>\n<p style=\"text-align: center;\"><span style=\"color: #000000;\"> SUSANNE ANGERL\u00d6V, RETAIL OPERATIONS MANAGER NK G\u00d6TEBORG, DEPARTMENTS &amp; STORES EUROPE AB <\/span><\/p>\n<p>[\/vc_column_text][\/vc_column][\/vc_row][vc_row row_height_percent=\u00bb0&#8243; override_padding=\u00bbyes\u00bb h_padding=\u00bb0&#8243; top_padding=\u00bb1&#8243; bottom_padding=\u00bb2&#8243; back_color=\u00bbcolor-xsdn\u00bb overlay_color=\u00bbcolor-xsdn\u00bb overlay_alpha=\u00bb100&#8243; equal_height=\u00bbyes\u00bb gutter_size=\u00bb3&#8243; column_width_percent=\u00bb100&#8243; shift_y=\u00bb0&#8243; z_index=\u00bb0&#8243; row_height_pixel=\u00bb300&#8243;][vc_column column_width_percent=\u00bb100&#8243; align_horizontal=\u00bbalign_center\u00bb gutter_size=\u00bb3&#8243; back_image=\u00bb72&#8243; overlay_color=\u00bbcolor-xsdn\u00bb overlay_alpha=\u00bb70&#8243; shift_x=\u00bb0&#8243; shift_y=\u00bb0&#8243; shift_y_down=\u00bb0&#8243; z_index=\u00bb0&#8243; medium_width=\u00bb0&#8243; mobile_width=\u00bb0&#8243; width=\u00bb1\/3&#8243; back_size=\u00bblenght\u00bb][vc_column_text]<\/p>\n<h5 style=\"text-align: left;\"><\/h5>\n<h5><em> <\/em><\/h5>\n<h5><em> <\/em><\/h5>\n<h5><em> <\/em><\/h5>\n<h5 style=\"text-align: left;\"><em><span style=\"color: #000000;\">Con su energ\u00eda, humor y experiencia de verdad, Linda fue perfecta para nosotros en nuestro trabajo para desarrollar a nuestros empleados. Ella tiene una habilidad sobresaliente para, de una manera muy actual, hacer que todos miren hacia arriba, comiencen a pensar de nuevas maneras y reflexionen sobre lo que nos hace exitosos. Oscilando entre el humor de clase mundial y la seriedad de una manera n\u00edtida llen\u00f3 nuestra caja de herramientas hasta el borde para asumir nuevos desaf\u00edos por delante.  <\/span><\/em><\/h5>\n<p style=\"text-align: center;\"><span style=\"color: #000000;\"> MICHAEL JACOBSON, EVENTMANAGER, SWEDBANK <\/span><\/p>\n<p>[\/vc_column_text][\/vc_column][vc_column column_width_percent=\u00bb100&#8243; align_horizontal=\u00bbalign_center\u00bb gutter_size=\u00bb3&#8243; back_image=\u00bb72&#8243; overlay_color=\u00bbcolor-xsdn\u00bb overlay_alpha=\u00bb70&#8243; shift_x=\u00bb0&#8243; shift_y=\u00bb0&#8243; shift_y_down=\u00bb0&#8243; z_index=\u00bb0&#8243; medium_width=\u00bb0&#8243; mobile_width=\u00bb0&#8243; width=\u00bb1\/3&#8243; back_size=\u00bblenght\u00bb][vc_column_text]<\/p>\n<h5><em> <\/em><\/h5>\n<h5><em> <\/em><\/h5>\n<h5><em> <\/em><\/h5>\n<h5 style=\"text-align: left;\"><em><span style=\"color: #000000;\">Linda es fant\u00e1stica, tanto como persona como oradora. Ser capaz de dominar el arte de caminar entre el humor y las percepciones incre\u00edblemente agudas de una manera tan natural es impresionante. \u00a1Linda levant\u00f3 a Berns! Mucha suerte a Linda!!    <\/span><\/em><\/h5>\n<p style=\"text-align: center;\"><span style=\"color: #000000;\"> EMILIA BRANDT, MARKETING MANAGER, DIGITAL COMMUNICATION &amp; BRANDING <\/span><\/p>\n<p>[\/vc_column_text][\/vc_column][\/vc_row]<\/p>\n<\/div>","protected":false},"excerpt":{"rendered":"<p>[vc_row unlock_row_content=\u00bbyes\u00bb row_height_percent=\u00bb0&#8243; override_padding=\u00bbyes\u00bb h_padding=\u00bb0&#8243; top_padding=\u00bb0&#8243; bottom_padding=\u00bb0&#8243; overlay_alpha=\u00bb50&#8243; gutter_size=\u00bb3&#8243; column_width_percent=\u00bb100&#8243; shift_y=\u00bb0&#8243; z_index=\u00bb0&#8243;][vc_column width=\u00bb1\/1&#8243;][rev_slider_vc alias=\u00bbforelasningar\u00bb][\/vc_column][\/vc_row][vc_row row_height_percent=\u00bb0&#8243; back_color=\u00bbcolor-jevc\u00bb overlay_alpha=\u00bb50&#8243; gutter_size=\u00bb3&#8243; column_width_percent=\u00bb100&#8243; shift_y=\u00bb0&#8243; [&hellip;]<\/p>\n","protected":false},"author":1,"featured_media":0,"parent":0,"menu_order":0,"comment_status":"closed","ping_status":"closed","template":"","meta":{"footnotes":""},"class_list":["post-1899","page","type-page","status-publish","hentry"],"_links":{"self":[{"href":"https:\/\/cultureacademy.se\/es\/wp-json\/wp\/v2\/pages\/1899","targetHints":{"allow":["GET"]}}],"collection":[{"href":"https:\/\/cultureacademy.se\/es\/wp-json\/wp\/v2\/pages"}],"about":[{"href":"https:\/\/cultureacademy.se\/es\/wp-json\/wp\/v2\/types\/page"}],"author":[{"embeddable":true,"href":"https:\/\/cultureacademy.se\/es\/wp-json\/wp\/v2\/users\/1"}],"replies":[{"embeddable":true,"href":"https:\/\/cultureacademy.se\/es\/wp-json\/wp\/v2\/comments?post=1899"}],"version-history":[{"count":5,"href":"https:\/\/cultureacademy.se\/es\/wp-json\/wp\/v2\/pages\/1899\/revisions"}],"predecessor-version":[{"id":1904,"href":"https:\/\/cultureacademy.se\/es\/wp-json\/wp\/v2\/pages\/1899\/revisions\/1904"}],"wp:attachment":[{"href":"https:\/\/cultureacademy.se\/es\/wp-json\/wp\/v2\/media?parent=1899"}],"curies":[{"name":"wp","href":"https:\/\/api.w.org\/{rel}","templated":true}]}}