{"id":1905,"date":"2017-10-11T09:43:37","date_gmt":"2017-10-11T07:43:37","guid":{"rendered":"https:\/\/cultureacademy.se\/liderazgo-exitoso\/"},"modified":"2023-03-06T15:52:27","modified_gmt":"2023-03-06T13:52:27","slug":"liderazgo-exitoso","status":"publish","type":"page","link":"https:\/\/cultureacademy.se\/es\/liderazgo-exitoso\/","title":{"rendered":"Comunicaci\u00f2n Exitosa"},"content":{"rendered":"<div class=\"wpb-content-wrapper\"><p>[vc_row unlock_row_content=\u00bbyes\u00bb row_height_percent=\u00bb0&#8243; override_padding=\u00bbyes\u00bb h_padding=\u00bb0&#8243; top_padding=\u00bb0&#8243; bottom_padding=\u00bb0&#8243; overlay_alpha=\u00bb50&#8243; gutter_size=\u00bb3&#8243; column_width_percent=\u00bb100&#8243; shift_y=\u00bb0&#8243; z_index=\u00bb0&#8243;][vc_column width=\u00bb1\/1&#8243;][rev_slider_vc alias=\u00bbframgangledarskap\u00bb][\/vc_column][\/vc_row][vc_row row_height_percent=\u00bb0&#8243; override_padding=\u00bbyes\u00bb h_padding=\u00bb0&#8243; top_padding=\u00bb0&#8243; bottom_padding=\u00bb0&#8243; overlay_alpha=\u00bb50&#8243; equal_height=\u00bbyes\u00bb gutter_size=\u00bb0&#8243; column_width_percent=\u00bb100&#8243; shift_y=\u00bb0&#8243; z_index=\u00bb0&#8243;][vc_column column_width_percent=\u00bb100&#8243; gutter_size=\u00bb3&#8243; override_padding=\u00bbyes\u00bb column_padding=\u00bb2&#8243; style=\u00bblight\u00bb overlay_alpha=\u00bb50&#8243; shift_x=\u00bb0&#8243; shift_y=\u00bb0&#8243; shift_y_down=\u00bb0&#8243; z_index=\u00bb0&#8243; medium_width=\u00bb0&#8243; mobile_width=\u00bb0&#8243; width=\u00bb1\/4&#8243;][vc_widget_sidebar sidebar_id=\u00bbsidebar-124139&#8243;][\/vc_column][vc_column column_width_percent=\u00bb100&#8243; gutter_size=\u00bb3&#8243; override_padding=\u00bbyes\u00bb column_padding=\u00bb2&#8243; style=\u00bblight\u00bb overlay_alpha=\u00bb50&#8243; shift_x=\u00bb0&#8243; shift_y=\u00bb0&#8243; shift_y_down=\u00bb0&#8243; z_index=\u00bb0&#8243; medium_width=\u00bb0&#8243; mobile_width=\u00bb0&#8243; width=\u00bb3\/4&#8243;][vc_column_text uncode_shortcode_id=\u00bb938092&#8243;]<\/p>\n<h1><span style=\"color: #000000;\"><strong>COMUNICACI\u00d3N EXITOSA<\/strong><\/span><\/h1>\n<h4><span style=\"color: #000000;\">UNA COMUNICACI\u00d3N EXITOSA LO HACE UN MEJOR L\u00cdDER<\/span><\/h4>\n<p><span style=\"color: #000000;\">La buena comunicaci\u00f3n es la clave del \u00e9xito y tanto los gerentes como los empleados la consideran m\u00e1s importante que nunca.<em>.<\/em><em> <\/em><\/span><\/p>\n<p><span style=\"color: #000000;\">Para tener \u00e9xito en la comunicaci\u00f3n de uno, se requiere tanto conocimiento como habilidad emocional. Y no menos importante sobre el tiempo.<\/span><\/p>\n<p><span style=\"color: #000000;\"> Un buen di\u00e1logo consiste en gran medida en escuchar y luego hacerse entender. Acerca de conocer a sus colegas y clientes con confianza y respeto. Su forma de comunicarse, su deseo y su capacidad para controlar el di\u00e1logo son factores importantes para el \u00e9xito.<\/span><\/p>\n<p><span style=\"color: #000000;\">Como l\u00edder, tener la capacidad y el conocimiento para elegir la estrategia correcta para la situaci\u00f3n correcta es crucial si desea convertirse en un l\u00edder exitoso con el tiempo.<\/span><\/p>\n<p><span style=\"color: #000000;\"><strong>Sobre la educacion<\/strong><\/span><\/p>\n<p><span style=\"color: #000000;\">Una de sus tareas m\u00e1s importantes como l\u00edder es administrar un negocio operativo, de manera inteligente y eficiente. Como l\u00edder, tambi\u00e9n debe organizar, dirigir a los empleados, establecer metas y permitir la eficiencia en el equipo. A trav\u00e9s de su liderazgo, puede motivar, involucrar y desarrollar a los empleados para que se desempe\u00f1en mejor y as\u00ed lograr los resultados deseados. Ser l\u00edder es una obra de arte.   <\/span><\/p>\n<p><span style=\"color: #000000;\"> Este curso lo ayudar\u00e1 a convertirse en un mejor l\u00edder al aumentar su autoconciencia. Tendr\u00e1s que hacer un an\u00e1lisis DISC para aprender m\u00e1s sobre tu propio comportamiento, sobre c\u00f3mo te perciben y qu\u00e9 te impulsa. \u00bfQui\u00e9n eres t\u00fa y qui\u00e9nes son los dem\u00e1s?  <\/span><\/p>\n<p><span style=\"color: #000000;\"><strong>El an\u00e1lisis DISC le ayuda a<\/strong><\/span><\/p>\n<ul>\n<li><span style=\"color: #000000;\">M\u00e1s claramente capaz de comprender las necesidades de las diferentes personas, sus fortalezas y debilidades.<\/span><\/li>\n<li><span style=\"color: #000000;\">\u00bfEntiendes lo que impulsa a otras personas? \u00bfPor qu\u00e9 una misma situaci\u00f3n se vive de diferentes maneras? <\/span><\/li>\n<li><span style=\"color: #000000;\">Ser capaz de desarrollar su forma de conocer a los dem\u00e1s y hacer mejores negocios.<\/span><\/li>\n<li><span style=\"color: #000000;\">\u00a1Mostrando c\u00f3mo los diferentes comportamientos completan el equipo para que alcances tus objetivos!<\/span><\/li>\n<li><span style=\"color: #000000;\">Crear autoconciencia &#8211; \u00bfQu\u00e9 me impulsa? \u00bfPor qu\u00e9 no puedo hacer algunas cosas? \u00bfC\u00f3mo soy percibido por otras personas?  <\/span><\/li>\n<\/ul>\n<p>[\/vc_column_text][\/vc_column][\/vc_row][vc_row row_height_percent=\u00bb0&#8243; override_padding=\u00bbyes\u00bb h_padding=\u00bb2&#8243; top_padding=\u00bb1&#8243; bottom_padding=\u00bb2&#8243; overlay_alpha=\u00bb50&#8243; gutter_size=\u00bb3&#8243; column_width_percent=\u00bb100&#8243; shift_y=\u00bb0&#8243; z_index=\u00bb0&#8243;][vc_column width=\u00bb1\/1&#8243;][vc_separator sep_color=\u00bbcolor-150921&#8243; el_height=\u00bb2px\u00bb][\/vc_column][\/vc_row]<\/p>\n<\/div>","protected":false},"excerpt":{"rendered":"<p>[vc_row unlock_row_content=\u00bbyes\u00bb row_height_percent=\u00bb0&#8243; override_padding=\u00bbyes\u00bb h_padding=\u00bb0&#8243; top_padding=\u00bb0&#8243; bottom_padding=\u00bb0&#8243; overlay_alpha=\u00bb50&#8243; gutter_size=\u00bb3&#8243; column_width_percent=\u00bb100&#8243; shift_y=\u00bb0&#8243; z_index=\u00bb0&#8243;][vc_column width=\u00bb1\/1&#8243;][rev_slider_vc alias=\u00bbframgangledarskap\u00bb][\/vc_column][\/vc_row][vc_row row_height_percent=\u00bb0&#8243; override_padding=\u00bbyes\u00bb h_padding=\u00bb0&#8243; top_padding=\u00bb0&#8243; bottom_padding=\u00bb0&#8243; overlay_alpha=\u00bb50&#8243; [&hellip;]<\/p>\n","protected":false},"author":1,"featured_media":0,"parent":0,"menu_order":0,"comment_status":"closed","ping_status":"closed","template":"","meta":{"footnotes":""},"class_list":["post-1905","page","type-page","status-publish","hentry"],"_links":{"self":[{"href":"https:\/\/cultureacademy.se\/es\/wp-json\/wp\/v2\/pages\/1905","targetHints":{"allow":["GET"]}}],"collection":[{"href":"https:\/\/cultureacademy.se\/es\/wp-json\/wp\/v2\/pages"}],"about":[{"href":"https:\/\/cultureacademy.se\/es\/wp-json\/wp\/v2\/types\/page"}],"author":[{"embeddable":true,"href":"https:\/\/cultureacademy.se\/es\/wp-json\/wp\/v2\/users\/1"}],"replies":[{"embeddable":true,"href":"https:\/\/cultureacademy.se\/es\/wp-json\/wp\/v2\/comments?post=1905"}],"version-history":[{"count":5,"href":"https:\/\/cultureacademy.se\/es\/wp-json\/wp\/v2\/pages\/1905\/revisions"}],"predecessor-version":[{"id":1979,"href":"https:\/\/cultureacademy.se\/es\/wp-json\/wp\/v2\/pages\/1905\/revisions\/1979"}],"wp:attachment":[{"href":"https:\/\/cultureacademy.se\/es\/wp-json\/wp\/v2\/media?parent=1905"}],"curies":[{"name":"wp","href":"https:\/\/api.w.org\/{rel}","templated":true}]}}