{"id":1911,"date":"2017-10-11T09:42:36","date_gmt":"2017-10-11T07:42:36","guid":{"rendered":"https:\/\/cultureacademy.se\/liderazgo\/"},"modified":"2022-12-04T18:49:22","modified_gmt":"2022-12-04T16:49:22","slug":"liderazgo","status":"publish","type":"page","link":"https:\/\/cultureacademy.se\/es\/liderazgo\/","title":{"rendered":"Liderazgo"},"content":{"rendered":"<div class=\"wpb-content-wrapper\"><p>[vc_row unlock_row_content=\u00bbyes\u00bb row_height_percent=\u00bb0&#8243; override_padding=\u00bbyes\u00bb h_padding=\u00bb0&#8243; top_padding=\u00bb0&#8243; bottom_padding=\u00bb0&#8243; overlay_alpha=\u00bb50&#8243; gutter_size=\u00bb3&#8243; column_width_percent=\u00bb100&#8243; shift_y=\u00bb0&#8243; z_index=\u00bb0&#8243;][vc_column width=\u00bb1\/1&#8243;][rev_slider_vc alias=\u00bbledarskap\u00bb][\/vc_column][\/vc_row][vc_row row_height_percent=\u00bb0&#8243; override_padding=\u00bbyes\u00bb h_padding=\u00bb0&#8243; top_padding=\u00bb0&#8243; bottom_padding=\u00bb0&#8243; overlay_alpha=\u00bb50&#8243; equal_height=\u00bbyes\u00bb gutter_size=\u00bb0&#8243; column_width_percent=\u00bb100&#8243; shift_y=\u00bb0&#8243; z_index=\u00bb0&#8243;][vc_column column_width_percent=\u00bb100&#8243; override_padding=\u00bbyes\u00bb column_padding=\u00bb2&#8243; style=\u00bblight\u00bb overlay_alpha=\u00bb50&#8243; gutter_size=\u00bb3&#8243; medium_width=\u00bb0&#8243; mobile_width=\u00bb0&#8243; shift_x=\u00bb0&#8243; shift_y=\u00bb0&#8243; shift_y_down=\u00bb0&#8243; z_index=\u00bb0&#8243; width=\u00bb1\/4&#8243;][vc_widget_sidebar sidebar_id=\u00bbsidebar-124139&#8243;][\/vc_column][vc_column column_width_percent=\u00bb100&#8243; override_padding=\u00bbyes\u00bb column_padding=\u00bb2&#8243; style=\u00bblight\u00bb overlay_alpha=\u00bb50&#8243; gutter_size=\u00bb3&#8243; medium_width=\u00bb0&#8243; mobile_width=\u00bb0&#8243; shift_x=\u00bb0&#8243; shift_y=\u00bb0&#8243; shift_y_down=\u00bb0&#8243; z_index=\u00bb0&#8243; width=\u00bb3\/4&#8243;][vc_column_text]<\/p>\n<h1><span style=\"color: #000000;\"><strong>LIDERAZGO<\/strong><\/span><\/h1>\n<h4><span style=\"color: #000000;\">CREANDO UNA CULTURA DE DESEMPE\u00d1O<\/span><\/h4>\n<p><span style=\"color: #000000;\"><strong>\u00bfQu\u00e9 caracteriza realmente un buen servicio con usted? \u00bfY qu\u00e9 comportamientos est\u00e1s recompensando para que esto suceda?<\/strong><\/span><\/p>\n<p><span style=\"color: #000000;\">Que las variaciones de respuesta sean comunes sobre lo que es un buen servicio no se siente extra\u00f1o. Despu\u00e9s de todo, el servicio es una experiencia. \u00a1Lo que se siente extra\u00f1o es cuando las empresas no han comunicado y practicado c\u00f3mo quieren ser percibidas!<\/span><\/p>\n<p><span style=\"color: #000000;\">&#8211; Hoy, todas las investigaciones indican que la experiencia de servicio es crucial para la supervivencia de las empresas. \u00a1Queremos hacer negocios y trabajar para personas que nos confirmen y tengan una imagen con la que podamos identificarnos! Por lo tanto, la estrategia de servicio debe estar firmemente arraigada en todos los empleados. Solo cuando pueden describir c\u00f3mo debe ser percibido y lo que eso significa en la conversaci\u00f3n, en el correo electr\u00f3nico y en la reuni\u00f3n con sus clientes y empleados, habr\u00e1 logrado crear una cultura de desempe\u00f1o s\u00f3lida. Una cultura donde las personas trabajan juntas y no solo al mismo tiempo.<\/span><\/p>\n<p><span style=\"color: #000000;\">Trabajar en una empresa basada en valores no significa que cimentamos una forma de trabajar, significa que brindamos a nuestros empleados herramientas que facilitan la toma de decisiones. El papel del l\u00edder es crucial y el \u00e9xito de la empresa. Esta capacitaci\u00f3n le brinda las herramientas y los m\u00e9todos que necesita para tener \u00e9xito.<\/span><\/p>\n<ul>\n<li><span style=\"color: #000000;\">\u00bfCu\u00e1l es el concepto de negocio global de la empresa?<\/span><\/li>\n<li><span style=\"color: #000000;\">\u00bfQu\u00e9 caracteriza una buena experiencia de servicio?<\/span><\/li>\n<li><span style=\"color: #000000;\">\u00bfC\u00f3mo creamos una cultura de servicio que nos haga \u00fanicos?<\/span><\/li>\n<li><span style=\"color: #000000;\">\u00bfQu\u00e9 actitud y comportamiento es un requisito previo para un buen servicio?<\/span><\/li>\n<li><span style=\"color: #000000;\">Plataforma b\u00e1sica para desarrollar una cultura de servicio<\/span><\/li>\n<li><span style=\"color: #000000;\">El papel del gerente en los esfuerzos generales de la empresa.<\/span><\/li>\n<li><span style=\"color: #000000;\">Valores y principios &#8211; lo que orienta el desarrollo hacia una cultura de servicio<\/span><\/li>\n<li><span style=\"color: #000000;\">Reglas de juego: reglas de juego claras y establecidas para un buen servicio.<\/span><\/li>\n<li><span style=\"color: #000000;\">Enfoque: \u00bfcu\u00e1les son las expectativas de servicio del cliente?<\/span><\/li>\n<li><span style=\"color: #000000;\">Estrategia sobre c\u00f3mo implementar los esfuerzos generales de la empresa<\/span><\/li>\n<li><span style=\"color: #000000;\">Metodolog\u00eda de trabajo &#8211; c\u00f3mo te organizas y trabajas a largo plazo<\/span><\/li>\n<li><span style=\"color: #000000;\">Herramientas y m\u00e9todos para tener \u00e9xito en el desarrollo a largo plazo<\/span><\/li>\n<li><span style=\"color: #000000;\">Motivaci\u00f3n y necesidades: c\u00f3mo crear motivaci\u00f3n y compromiso de manera efectiva<\/span><\/li>\n<li><span style=\"color: #000000;\">Inmersi\u00f3n en el comportamiento humano durante los cambios <\/span><\/li>\n<li><span style=\"color: #000000;\">Entrenamiento con retroalimentaci\u00f3n personal<\/span><\/li>\n<\/ul>\n<p>[\/vc_column_text][\/vc_column][\/vc_row][vc_row row_height_percent=\u00bb0&#8243; override_padding=\u00bbyes\u00bb h_padding=\u00bb2&#8243; top_padding=\u00bb1&#8243; bottom_padding=\u00bb2&#8243; overlay_alpha=\u00bb50&#8243; gutter_size=\u00bb3&#8243; column_width_percent=\u00bb100&#8243; shift_y=\u00bb0&#8243; z_index=\u00bb0&#8243;][vc_column width=\u00bb1\/1&#8243;][vc_separator sep_color=\u00bbcolor-150921&#8243; el_height=\u00bb2px\u00bb][\/vc_column][\/vc_row]<\/p>\n<\/div>","protected":false},"excerpt":{"rendered":"<p>[vc_row unlock_row_content=\u00bbyes\u00bb row_height_percent=\u00bb0&#8243; override_padding=\u00bbyes\u00bb h_padding=\u00bb0&#8243; top_padding=\u00bb0&#8243; bottom_padding=\u00bb0&#8243; overlay_alpha=\u00bb50&#8243; gutter_size=\u00bb3&#8243; column_width_percent=\u00bb100&#8243; shift_y=\u00bb0&#8243; z_index=\u00bb0&#8243;][vc_column width=\u00bb1\/1&#8243;][rev_slider_vc alias=\u00bbledarskap\u00bb][\/vc_column][\/vc_row][vc_row row_height_percent=\u00bb0&#8243; override_padding=\u00bbyes\u00bb h_padding=\u00bb0&#8243; top_padding=\u00bb0&#8243; bottom_padding=\u00bb0&#8243; overlay_alpha=\u00bb50&#8243; [&hellip;]<\/p>\n","protected":false},"author":1,"featured_media":0,"parent":0,"menu_order":0,"comment_status":"closed","ping_status":"closed","template":"","meta":{"footnotes":""},"class_list":["post-1911","page","type-page","status-publish","hentry"],"_links":{"self":[{"href":"https:\/\/cultureacademy.se\/es\/wp-json\/wp\/v2\/pages\/1911","targetHints":{"allow":["GET"]}}],"collection":[{"href":"https:\/\/cultureacademy.se\/es\/wp-json\/wp\/v2\/pages"}],"about":[{"href":"https:\/\/cultureacademy.se\/es\/wp-json\/wp\/v2\/types\/page"}],"author":[{"embeddable":true,"href":"https:\/\/cultureacademy.se\/es\/wp-json\/wp\/v2\/users\/1"}],"replies":[{"embeddable":true,"href":"https:\/\/cultureacademy.se\/es\/wp-json\/wp\/v2\/comments?post=1911"}],"version-history":[{"count":2,"href":"https:\/\/cultureacademy.se\/es\/wp-json\/wp\/v2\/pages\/1911\/revisions"}],"predecessor-version":[{"id":1914,"href":"https:\/\/cultureacademy.se\/es\/wp-json\/wp\/v2\/pages\/1911\/revisions\/1914"}],"wp:attachment":[{"href":"https:\/\/cultureacademy.se\/es\/wp-json\/wp\/v2\/media?parent=1911"}],"curies":[{"name":"wp","href":"https:\/\/api.w.org\/{rel}","templated":true}]}}