{"id":1927,"date":"2017-10-11T09:45:25","date_gmt":"2017-10-11T07:45:25","guid":{"rendered":"https:\/\/cultureacademy.se\/retorica-el-arte-de-hacer-que-los-demas-escuchen\/"},"modified":"2022-12-04T19:21:44","modified_gmt":"2022-12-04T17:21:44","slug":"retorica-el-arte-de-hacer-que-los-demas-escuchen","status":"publish","type":"page","link":"https:\/\/cultureacademy.se\/es\/retorica-el-arte-de-hacer-que-los-demas-escuchen\/","title":{"rendered":"Ret\u00f3rica: el arte de hacer que los dem\u00e1s escuchen"},"content":{"rendered":"<div class=\"wpb-content-wrapper\"><p>[vc_row unlock_row_content=\u00bbyes\u00bb row_height_percent=\u00bb0&#8243; override_padding=\u00bbyes\u00bb h_padding=\u00bb0&#8243; top_padding=\u00bb0&#8243; bottom_padding=\u00bb0&#8243; overlay_alpha=\u00bb50&#8243; gutter_size=\u00bb3&#8243; column_width_percent=\u00bb100&#8243; shift_y=\u00bb0&#8243; z_index=\u00bb0&#8243;][vc_column width=\u00bb1\/1&#8243;][rev_slider_vc alias=\u00bbpresentationsteknik\u00bb][\/vc_column][\/vc_row][vc_row row_height_percent=\u00bb0&#8243; override_padding=\u00bbyes\u00bb h_padding=\u00bb0&#8243; top_padding=\u00bb0&#8243; bottom_padding=\u00bb0&#8243; overlay_alpha=\u00bb50&#8243; equal_height=\u00bbyes\u00bb gutter_size=\u00bb0&#8243; column_width_percent=\u00bb100&#8243; shift_y=\u00bb0&#8243; z_index=\u00bb0&#8243;][vc_column column_width_percent=\u00bb100&#8243; gutter_size=\u00bb3&#8243; override_padding=\u00bbyes\u00bb column_padding=\u00bb2&#8243; style=\u00bblight\u00bb overlay_alpha=\u00bb50&#8243; shift_x=\u00bb0&#8243; shift_y=\u00bb0&#8243; shift_y_down=\u00bb0&#8243; z_index=\u00bb0&#8243; medium_width=\u00bb0&#8243; mobile_width=\u00bb0&#8243; width=\u00bb1\/4&#8243;][vc_widget_sidebar sidebar_id=\u00bbsidebar-124139&#8243;][\/vc_column][vc_column column_width_percent=\u00bb100&#8243; gutter_size=\u00bb3&#8243; override_padding=\u00bbyes\u00bb column_padding=\u00bb2&#8243; style=\u00bblight\u00bb overlay_alpha=\u00bb50&#8243; shift_x=\u00bb0&#8243; shift_y=\u00bb0&#8243; shift_y_down=\u00bb0&#8243; z_index=\u00bb0&#8243; medium_width=\u00bb0&#8243; mobile_width=\u00bb0&#8243; width=\u00bb3\/4&#8243;][vc_column_text uncode_shortcode_id=\u00bb107941&#8243;]<\/p>\n<h1>RET\u00d3RICA &#8211; EL ARTE DE CONSEGUIR QUE OTROS ESCUCHEN<\/h1>\n<p><span style=\"color: #000000;\">Tener la capacidad de presentar una idea o dejar claro un movimiento para una audiencia puede ser absolutamente decisivo para que te perciban como cre\u00edble. En esta capacitaci\u00f3n, nos enfocamos en desarrollar su habilidad para transmitir mensajes de manera convincente y cre\u00edble.<\/span><\/p>\n<p><span style=\"color: #000000;\"><strong>Contenido<\/strong><\/span><\/p>\n<ul>\n<li><span style=\"color: #000000;\">Comunicaci\u00f3n exitosa<\/span><\/li>\n<li><span style=\"color: #000000;\">Fundamentos de la tecnolog\u00eda de presentaci\u00f3n.<\/span><\/li>\n<li><span style=\"color: #000000;\">Distintos patrones de reacci\u00f3n en los oyentes tanto en la confrontaci\u00f3n positiva como en la negativa<\/span><\/li>\n<li><span style=\"color: #000000;\">Manejar objeciones y puntos de vista de manera constructiva.<\/span><\/li>\n<li><span style=\"color: #000000;\">\u00bfC\u00f3mo manejo mi nerviosismo?<\/span><\/li>\n<li><span style=\"color: #000000;\">Diferentes tipos de personalidad y c\u00f3mo lidiar con ellos<\/span><\/li>\n<li><span style=\"color: #000000;\">Manejar situaciones dif\u00edciles y audiencias dif\u00edciles de una manera constructiva.<\/span><\/li>\n<li><span style=\"color: #000000;\">Estrategias de conversaci\u00f3n<\/span><\/li>\n<li><span style=\"color: #000000;\">Requisitos para oradores y presentadores: \u00bfcu\u00e1les son las expectativas de una audiencia?<\/span><\/li>\n<li><span style=\"color: #000000;\">M\u00e9todos para planificar, preparar y montar presentaciones<\/span><\/li>\n<li><span style=\"color: #000000;\">C\u00f3mo usar guiones e im\u00e1genes como soporte y herramientas<\/span><\/li>\n<li><span style=\"color: #000000;\">Ayudas para la presentaci\u00f3n: elija la ayuda adecuada para lograr el m\u00e1ximo impacto<\/span><\/li>\n<li><span style=\"color: #000000;\">Fundamentos de la pedagog\u00eda<\/span><\/li>\n<li><span style=\"color: #000000;\">Lo que afecta el inter\u00e9s del oyente<\/span><\/li>\n<li><span style=\"color: #000000;\">C\u00f3mo evitar las trampas m\u00e1s comunes en las presentaciones orales<\/span><\/li>\n<li><span style=\"color: #000000;\">Crear contacto y activar a la audiencia de forma inspiradora<\/span><\/li>\n<li><span style=\"color: #000000;\">Lo que afecta el inter\u00e9s del oyente<\/span><\/li>\n<li><span style=\"color: #000000;\">Presentaciones propias con comentarios personales.<\/span><\/li>\n<\/ul>\n<p>[\/vc_column_text][\/vc_column][\/vc_row][vc_row row_height_percent=\u00bb0&#8243; override_padding=\u00bbyes\u00bb h_padding=\u00bb2&#8243; top_padding=\u00bb1&#8243; bottom_padding=\u00bb2&#8243; overlay_alpha=\u00bb50&#8243; gutter_size=\u00bb3&#8243; column_width_percent=\u00bb100&#8243; shift_y=\u00bb0&#8243; z_index=\u00bb0&#8243;][vc_column width=\u00bb1\/1&#8243;][vc_separator sep_color=\u00bbcolor-150921&#8243; el_height=\u00bb2px\u00bb][\/vc_column][\/vc_row]<\/p>\n<\/div>","protected":false},"excerpt":{"rendered":"<p>[vc_row unlock_row_content=\u00bbyes\u00bb row_height_percent=\u00bb0&#8243; override_padding=\u00bbyes\u00bb h_padding=\u00bb0&#8243; top_padding=\u00bb0&#8243; bottom_padding=\u00bb0&#8243; overlay_alpha=\u00bb50&#8243; gutter_size=\u00bb3&#8243; column_width_percent=\u00bb100&#8243; shift_y=\u00bb0&#8243; z_index=\u00bb0&#8243;][vc_column width=\u00bb1\/1&#8243;][rev_slider_vc alias=\u00bbpresentationsteknik\u00bb][\/vc_column][\/vc_row][vc_row row_height_percent=\u00bb0&#8243; override_padding=\u00bbyes\u00bb h_padding=\u00bb0&#8243; top_padding=\u00bb0&#8243; bottom_padding=\u00bb0&#8243; overlay_alpha=\u00bb50&#8243; [&hellip;]<\/p>\n","protected":false},"author":3,"featured_media":0,"parent":0,"menu_order":0,"comment_status":"closed","ping_status":"closed","template":"","meta":{"footnotes":""},"class_list":["post-1927","page","type-page","status-publish","hentry"],"_links":{"self":[{"href":"https:\/\/cultureacademy.se\/es\/wp-json\/wp\/v2\/pages\/1927","targetHints":{"allow":["GET"]}}],"collection":[{"href":"https:\/\/cultureacademy.se\/es\/wp-json\/wp\/v2\/pages"}],"about":[{"href":"https:\/\/cultureacademy.se\/es\/wp-json\/wp\/v2\/types\/page"}],"author":[{"embeddable":true,"href":"https:\/\/cultureacademy.se\/es\/wp-json\/wp\/v2\/users\/3"}],"replies":[{"embeddable":true,"href":"https:\/\/cultureacademy.se\/es\/wp-json\/wp\/v2\/comments?post=1927"}],"version-history":[{"count":2,"href":"https:\/\/cultureacademy.se\/es\/wp-json\/wp\/v2\/pages\/1927\/revisions"}],"predecessor-version":[{"id":1929,"href":"https:\/\/cultureacademy.se\/es\/wp-json\/wp\/v2\/pages\/1927\/revisions\/1929"}],"wp:attachment":[{"href":"https:\/\/cultureacademy.se\/es\/wp-json\/wp\/v2\/media?parent=1927"}],"curies":[{"name":"wp","href":"https:\/\/api.w.org\/{rel}","templated":true}]}}