{"id":1930,"date":"2017-10-11T09:43:06","date_gmt":"2017-10-11T07:43:06","guid":{"rendered":"https:\/\/cultureacademy.se\/servicio\/"},"modified":"2022-12-04T19:27:38","modified_gmt":"2022-12-04T17:27:38","slug":"servicio","status":"publish","type":"page","link":"https:\/\/cultureacademy.se\/es\/servicio\/","title":{"rendered":"Servicio"},"content":{"rendered":"<div class=\"wpb-content-wrapper\"><p>[vc_row unlock_row_content=\u00bbyes\u00bb row_height_percent=\u00bb0&#8243; override_padding=\u00bbyes\u00bb h_padding=\u00bb0&#8243; top_padding=\u00bb0&#8243; bottom_padding=\u00bb0&#8243; overlay_alpha=\u00bb50&#8243; gutter_size=\u00bb3&#8243; column_width_percent=\u00bb100&#8243; shift_y=\u00bb0&#8243; z_index=\u00bb0&#8243;][vc_column width=\u00bb1\/1&#8243;][rev_slider_vc alias=\u00bbserviceutb\u00bb][\/vc_column][\/vc_row][vc_row row_height_percent=\u00bb0&#8243; override_padding=\u00bbyes\u00bb h_padding=\u00bb0&#8243; top_padding=\u00bb0&#8243; bottom_padding=\u00bb0&#8243; overlay_alpha=\u00bb50&#8243; equal_height=\u00bbyes\u00bb gutter_size=\u00bb0&#8243; column_width_percent=\u00bb100&#8243; shift_y=\u00bb0&#8243; z_index=\u00bb0&#8243;][vc_column column_width_percent=\u00bb100&#8243; override_padding=\u00bbyes\u00bb column_padding=\u00bb2&#8243; style=\u00bblight\u00bb overlay_alpha=\u00bb50&#8243; gutter_size=\u00bb3&#8243; medium_width=\u00bb0&#8243; mobile_width=\u00bb0&#8243; shift_x=\u00bb0&#8243; shift_y=\u00bb0&#8243; shift_y_down=\u00bb0&#8243; z_index=\u00bb0&#8243; width=\u00bb1\/4&#8243;][vc_widget_sidebar sidebar_id=\u00bbsidebar-124139&#8243;][\/vc_column][vc_column column_width_percent=\u00bb100&#8243; override_padding=\u00bbyes\u00bb column_padding=\u00bb2&#8243; style=\u00bblight\u00bb overlay_alpha=\u00bb50&#8243; gutter_size=\u00bb3&#8243; medium_width=\u00bb0&#8243; mobile_width=\u00bb0&#8243; shift_x=\u00bb0&#8243; shift_y=\u00bb0&#8243; shift_y_down=\u00bb0&#8243; z_index=\u00bb0&#8243; width=\u00bb3\/4&#8243;][vc_column_text]<\/p>\n<h1><span style=\"color: #000000;\"><strong>EL SERVICIO COMO MEDIO DE COMPETENCIA <\/strong><\/span><\/h1>\n<p><span style=\"color: #000000;\">Todo aquel que se encuentra con clientes, pacientes, invitados o clientes act\u00faa como mensajero de los valores de la empresa. Su actitud hacia los dem\u00e1s, sus clientes y proveedores, puede ser una historia de \u00e9xito, \u00a1o destruir completamente el negocio! Es el sentido que los clientes perciben de usted lo que oxigena su marca.<\/span><br \/>\n<span style=\"color: #000000;\">Lograr ser profesional en cada contacto con el cliente crea una ventaja competitiva \u00fanica. Una confianza, una buena reputaci\u00f3n, la crean los empleados que han logrado eliminar el servicio variable. Simplemente son consistentemente buenos, \u00a1incluso cuando las cosas van mal! Un buen servicio consiste en generar confianza. Sobre recibir al cliente con respeto. Esto puede sonar simple, pero esta educaci\u00f3n nunca hubiera sido completa.<\/span><\/p>\n<p><span style=\"color: #000000;\">\u00bfQu\u00e9 es para ti el servicio? \u00bfQu\u00e9 trato se requiere para brindar un buen servicio? \u00bfC\u00f3mo construye una s\u00f3lida cultura de servicio en su empresa y c\u00f3mo logra que todos participen?<\/span><\/p>\n<p><span style=\"color: #000000;\">\u00a17 de cada 10 clientes cambian de proveedor por mal trato o porque otro es mejor! Y los clientes muy satisfechos gastan un 140 % m\u00e1s porque les agradas. Estamos convencidos de que se trata de claridad. Todos los empleados deben saber qu\u00e9 se espera de ellos y que existe un conjunto de valores compartidos que describen c\u00f3mo se espera que transcurra una reuni\u00f3n con un cliente, invitado, cliente, viajero o paciente. La actitud de los empleados en la reuni\u00f3n con el cliente puede ser decisiva para el \u00e9xito de su empresa.<\/span><\/p>\n<p><span style=\"color: #000000;\"> En este curso aprender\u00e1s a aumentar tu competitividad.<\/span><\/p>\n<ul>\n<li><span style=\"color: #000000;\">\u00bfQu\u00e9 es el servicio y la cultura de servicio?<\/span><\/li>\n<li><span style=\"color: #000000;\">La base de valor de la empresa <\/span><\/li>\n<li><span style=\"color: #000000;\">De a menudo bueno a siempre mejor: \u00a1as\u00ed es como hacemos que nuestros clientes nos amen!<\/span><\/li>\n<li><span style=\"color: #000000;\">As\u00ed es como se crea un plan de servicio claro: un proceso para un servicio excelente <\/span><\/li>\n<li><span style=\"color: #000000;\">Ventas de cuidados para aumentar las ganancias<\/span><\/li>\n<li><span style=\"color: #000000;\">Factores de \u00e9xito para reuniones profesionales con clientes<\/span><\/li>\n<li><span style=\"color: #000000;\">Comunicaci\u00f3n exitosa<\/span><\/li>\n<li><span style=\"color: #000000;\">Psicolog\u00eda del cliente<\/span><\/li>\n<li><span style=\"color: #000000;\">\u00bfC\u00f3mo manejo las quejas de los clientes de manera profesional?<\/span><\/li>\n<li><span style=\"color: #000000;\">Convierte a tus clientes en embajadores de tu marca<\/span><\/li>\n<li><span style=\"color: #000000;\">\u00bfQu\u00e9 requisitos y expectativas tiene el cliente de m\u00ed y del servicio de la empresa? <\/span><\/li>\n<li><span style=\"color: #000000;\">Entrenamiento con retroalimentaci\u00f3n personal <\/span><\/li>\n<li><span style=\"color: #000000;\">Plan de acci\u00f3n: \u00bfc\u00f3mo implemento las herramientas en el trabajo diario para obtener efectos y resultados duraderos?<\/span><\/li>\n<\/ul>\n<p>[\/vc_column_text][\/vc_column][\/vc_row][vc_row row_height_percent=\u00bb0&#8243; override_padding=\u00bbyes\u00bb h_padding=\u00bb2&#8243; top_padding=\u00bb1&#8243; bottom_padding=\u00bb2&#8243; overlay_alpha=\u00bb50&#8243; gutter_size=\u00bb3&#8243; column_width_percent=\u00bb100&#8243; shift_y=\u00bb0&#8243; z_index=\u00bb0&#8243;][vc_column width=\u00bb1\/1&#8243;][vc_separator sep_color=\u00bbcolor-150921&#8243; el_height=\u00bb2px\u00bb][\/vc_column][\/vc_row]<\/p>\n<\/div>","protected":false},"excerpt":{"rendered":"<p>[vc_row unlock_row_content=\u00bbyes\u00bb row_height_percent=\u00bb0&#8243; override_padding=\u00bbyes\u00bb h_padding=\u00bb0&#8243; top_padding=\u00bb0&#8243; bottom_padding=\u00bb0&#8243; overlay_alpha=\u00bb50&#8243; gutter_size=\u00bb3&#8243; column_width_percent=\u00bb100&#8243; shift_y=\u00bb0&#8243; z_index=\u00bb0&#8243;][vc_column width=\u00bb1\/1&#8243;][rev_slider_vc alias=\u00bbserviceutb\u00bb][\/vc_column][\/vc_row][vc_row row_height_percent=\u00bb0&#8243; override_padding=\u00bbyes\u00bb h_padding=\u00bb0&#8243; top_padding=\u00bb0&#8243; bottom_padding=\u00bb0&#8243; overlay_alpha=\u00bb50&#8243; [&hellip;]<\/p>\n","protected":false},"author":1,"featured_media":0,"parent":0,"menu_order":0,"comment_status":"closed","ping_status":"closed","template":"","meta":{"footnotes":""},"class_list":["post-1930","page","type-page","status-publish","hentry"],"_links":{"self":[{"href":"https:\/\/cultureacademy.se\/es\/wp-json\/wp\/v2\/pages\/1930","targetHints":{"allow":["GET"]}}],"collection":[{"href":"https:\/\/cultureacademy.se\/es\/wp-json\/wp\/v2\/pages"}],"about":[{"href":"https:\/\/cultureacademy.se\/es\/wp-json\/wp\/v2\/types\/page"}],"author":[{"embeddable":true,"href":"https:\/\/cultureacademy.se\/es\/wp-json\/wp\/v2\/users\/1"}],"replies":[{"embeddable":true,"href":"https:\/\/cultureacademy.se\/es\/wp-json\/wp\/v2\/comments?post=1930"}],"version-history":[{"count":2,"href":"https:\/\/cultureacademy.se\/es\/wp-json\/wp\/v2\/pages\/1930\/revisions"}],"predecessor-version":[{"id":1932,"href":"https:\/\/cultureacademy.se\/es\/wp-json\/wp\/v2\/pages\/1930\/revisions\/1932"}],"wp:attachment":[{"href":"https:\/\/cultureacademy.se\/es\/wp-json\/wp\/v2\/media?parent=1930"}],"curies":[{"name":"wp","href":"https:\/\/api.w.org\/{rel}","templated":true}]}}